{"id":5400,"date":"2021-11-28T20:57:50","date_gmt":"2021-11-28T20:57:50","guid":{"rendered":"https:\/\/mvngosportbranch.org\/?page_id=5400"},"modified":"2021-11-28T21:17:05","modified_gmt":"2021-11-28T21:17:05","slug":"about","status":"publish","type":"page","link":"https:\/\/mvngosportbranch.org\/hr\/about\/","title":{"rendered":"O nama"},"content":{"rendered":"<div data-elementor-type=\"wp-page\" data-elementor-id=\"5400\" class=\"elementor elementor-5400\">\n\t\t\t\t\t\t<section class=\"elementor-section elementor-top-section elementor-element elementor-element-689cd3b elementor-section-boxed elementor-section-height-default elementor-section-height-default\" data-id=\"689cd3b\" data-element_type=\"section\" data-e-type=\"section\">\n\t\t\t\t\t\t<div class=\"elementor-container elementor-column-gap-default\">\n\t\t\t\t\t<div class=\"elementor-column elementor-col-50 elementor-top-column elementor-element elementor-element-80705bd\" data-id=\"80705bd\" data-element_type=\"column\" data-e-type=\"column\">\n\t\t\t<div class=\"elementor-widget-wrap elementor-element-populated\">\n\t\t\t\t\t\t<div class=\"elementor-element elementor-element-8b1b44c elementor-widget elementor-widget-text-editor\" data-id=\"8b1b44c\" data-element_type=\"widget\" data-e-type=\"widget\" data-widget_type=\"text-editor.default\">\n\t\t\t\t<div class=\"elementor-widget-container\">\n\t\t\t\t\t\t\t\t\t<p style=\"text-align: center;\"><span style=\"color: #ffffff;\"><strong>MVNGO SPORT OGRANAK CPMES POSLJEDNJI PROJEKT<\/strong><\/span><\/p>\t\t\t\t\t\t\t\t<\/div>\n\t\t\t\t<\/div>\n\t\t\t\t\t<\/div>\n\t\t<\/div>\n\t\t\t\t<div class=\"elementor-column elementor-col-50 elementor-top-column elementor-element elementor-element-0e6d220\" data-id=\"0e6d220\" data-element_type=\"column\" data-e-type=\"column\">\n\t\t\t<div class=\"elementor-widget-wrap elementor-element-populated\">\n\t\t\t\t\t\t<div class=\"elementor-element elementor-element-0fe39d1 elementor-widget elementor-widget-video\" data-id=\"0fe39d1\" data-element_type=\"widget\" data-e-type=\"widget\" data-settings=\"{&quot;youtube_url&quot;:&quot;https:\\\/\\\/www.youtube.com\\\/watch?v=cO_RriV_q_4&amp;fbclid=IwAR0Sn1Gp2OfPCiIKEAOUoeAEQ81e_6vYDFxEJ9eQyP1kshYDcAEFwcnESdI&quot;,&quot;autoplay&quot;:&quot;yes&quot;,&quot;mute&quot;:&quot;yes&quot;,&quot;video_type&quot;:&quot;youtube&quot;}\" data-widget_type=\"video.default\">\n\t\t\t\t<div class=\"elementor-widget-container\">\n\t\t\t\t\t\t\t<div class=\"elementor-wrapper elementor-open-inline\">\n\t\t\t<div class=\"elementor-video\"><\/div>\t\t<\/div>\n\t\t\t\t\t\t<\/div>\n\t\t\t\t<\/div>\n\t\t\t\t\t<\/div>\n\t\t<\/div>\n\t\t\t\t\t<\/div>\n\t\t<\/section>\n\t\t\t\t<section class=\"elementor-section elementor-top-section elementor-element elementor-element-009ca96 elementor-section-boxed elementor-section-height-default elementor-section-height-default\" data-id=\"009ca96\" data-element_type=\"section\" data-e-type=\"section\">\n\t\t\t\t\t\t<div class=\"elementor-container elementor-column-gap-default\">\n\t\t\t\t\t<div class=\"elementor-column elementor-col-100 elementor-top-column elementor-element elementor-element-501d67d\" data-id=\"501d67d\" data-element_type=\"column\" data-e-type=\"column\">\n\t\t\t<div class=\"elementor-widget-wrap elementor-element-populated\">\n\t\t\t\t\t\t<div class=\"elementor-element elementor-element-90254d8 elementor-widget elementor-widget-spacer\" data-id=\"90254d8\" data-element_type=\"widget\" data-e-type=\"widget\" data-widget_type=\"spacer.default\">\n\t\t\t\t<div class=\"elementor-widget-container\">\n\t\t\t\t\t\t\t<div class=\"elementor-spacer\">\n\t\t\t<div class=\"elementor-spacer-inner\"><\/div>\n\t\t<\/div>\n\t\t\t\t\t\t<\/div>\n\t\t\t\t<\/div>\n\t\t\t\t\t<\/div>\n\t\t<\/div>\n\t\t\t\t\t<\/div>\n\t\t<\/section>\n\t\t\t\t<section class=\"elementor-section elementor-top-section elementor-element elementor-element-d8d44e3 elementor-section-boxed elementor-section-height-default elementor-section-height-default\" data-id=\"d8d44e3\" data-element_type=\"section\" data-e-type=\"section\">\n\t\t\t\t\t\t<div class=\"elementor-container elementor-column-gap-default\">\n\t\t\t\t\t<div class=\"elementor-column elementor-col-50 elementor-top-column elementor-element elementor-element-aa2e164\" data-id=\"aa2e164\" data-element_type=\"column\" data-e-type=\"column\">\n\t\t\t<div class=\"elementor-widget-wrap elementor-element-populated\">\n\t\t\t\t\t\t<div class=\"elementor-element elementor-element-3960949 elementor-widget elementor-widget-image\" data-id=\"3960949\" data-element_type=\"widget\" data-e-type=\"widget\" data-widget_type=\"image.default\">\n\t\t\t\t<div class=\"elementor-widget-container\">\n\t\t\t\t\t\t\t\t\t\t\t\t\t\t\t<img decoding=\"async\" width=\"150\" height=\"150\" src=\"https:\/\/mvngosportbranch.org\/wp-content\/uploads\/2019\/08\/mvngo-logo-bianco-OFF-150x150.jpg\" class=\"attachment-thumbnail size-thumbnail wp-image-2880\" alt=\"\" srcset=\"https:\/\/mvngosportbranch.org\/wp-content\/uploads\/2019\/08\/mvngo-logo-bianco-OFF-150x150.jpg 150w, https:\/\/mvngosportbranch.org\/wp-content\/uploads\/2019\/08\/mvngo-logo-bianco-OFF-300x300.jpg 300w, https:\/\/mvngosportbranch.org\/wp-content\/uploads\/2019\/08\/mvngo-logo-bianco-OFF-768x768.jpg 768w, https:\/\/mvngosportbranch.org\/wp-content\/uploads\/2019\/08\/mvngo-logo-bianco-OFF-128x128.jpg 128w, https:\/\/mvngosportbranch.org\/wp-content\/uploads\/2019\/08\/mvngo-logo-bianco-OFF-32x32.jpg 32w, https:\/\/mvngosportbranch.org\/wp-content\/uploads\/2019\/08\/mvngo-logo-bianco-OFF-80x80.jpg 80w, https:\/\/mvngosportbranch.org\/wp-content\/uploads\/2019\/08\/mvngo-logo-bianco-OFF-356x356.jpg 356w, https:\/\/mvngosportbranch.org\/wp-content\/uploads\/2019\/08\/mvngo-logo-bianco-OFF-470x470.jpg 470w, https:\/\/mvngosportbranch.org\/wp-content\/uploads\/2019\/08\/mvngo-logo-bianco-OFF-70x70.jpg 70w, https:\/\/mvngosportbranch.org\/wp-content\/uploads\/2019\/08\/mvngo-logo-bianco-OFF-100x100.jpg 100w, https:\/\/mvngosportbranch.org\/wp-content\/uploads\/2019\/08\/mvngo-logo-bianco-OFF-40x40.jpg 40w, https:\/\/mvngosportbranch.org\/wp-content\/uploads\/2019\/08\/mvngo-logo-bianco-OFF-600x600.jpg 600w, https:\/\/mvngosportbranch.org\/wp-content\/uploads\/2019\/08\/mvngo-logo-bianco-OFF.jpg 800w\" sizes=\"(max-width: 150px) 100vw, 150px\" \/>\t\t\t\t\t\t\t\t\t\t\t\t\t\t\t<\/div>\n\t\t\t\t<\/div>\n\t\t\t\t<div class=\"elementor-element elementor-element-462d55a elementor-widget elementor-widget-image\" data-id=\"462d55a\" data-element_type=\"widget\" data-e-type=\"widget\" data-widget_type=\"image.default\">\n\t\t\t\t<div class=\"elementor-widget-container\">\n\t\t\t\t\t\t\t\t\t\t\t\t\t\t\t<img decoding=\"async\" width=\"150\" height=\"150\" src=\"https:\/\/mvngosportbranch.org\/wp-content\/uploads\/2019\/08\/220px-Escudo_de_la_Universidad_de_Extremadura-150x150.png\" class=\"attachment-thumbnail size-thumbnail wp-image-2882\" alt=\"\" srcset=\"https:\/\/mvngosportbranch.org\/wp-content\/uploads\/2019\/08\/220px-Escudo_de_la_Universidad_de_Extremadura-150x150.png 150w, https:\/\/mvngosportbranch.org\/wp-content\/uploads\/2019\/08\/220px-Escudo_de_la_Universidad_de_Extremadura-128x128.png 128w, https:\/\/mvngosportbranch.org\/wp-content\/uploads\/2019\/08\/220px-Escudo_de_la_Universidad_de_Extremadura-32x32.png 32w, https:\/\/mvngosportbranch.org\/wp-content\/uploads\/2019\/08\/220px-Escudo_de_la_Universidad_de_Extremadura-80x80.png 80w, https:\/\/mvngosportbranch.org\/wp-content\/uploads\/2019\/08\/220px-Escudo_de_la_Universidad_de_Extremadura.png 220w, https:\/\/mvngosportbranch.org\/wp-content\/uploads\/2019\/08\/220px-Escudo_de_la_Universidad_de_Extremadura-70x70.png 70w, https:\/\/mvngosportbranch.org\/wp-content\/uploads\/2019\/08\/220px-Escudo_de_la_Universidad_de_Extremadura-100x100.png 100w, https:\/\/mvngosportbranch.org\/wp-content\/uploads\/2019\/08\/220px-Escudo_de_la_Universidad_de_Extremadura-40x40.png 40w\" sizes=\"(max-width: 150px) 100vw, 150px\" \/>\t\t\t\t\t\t\t\t\t\t\t\t\t\t\t<\/div>\n\t\t\t\t<\/div>\n\t\t\t\t<div class=\"elementor-element elementor-element-86085df elementor-widget elementor-widget-image\" data-id=\"86085df\" data-element_type=\"widget\" data-e-type=\"widget\" data-widget_type=\"image.default\">\n\t\t\t\t<div class=\"elementor-widget-container\">\n\t\t\t\t\t\t\t\t\t\t\t\t\t\t\t<img decoding=\"async\" width=\"150\" height=\"150\" src=\"https:\/\/mvngosportbranch.org\/wp-content\/uploads\/2020\/04\/TXvgcoDT-150x150.jpg\" class=\"attachment-thumbnail size-thumbnail wp-image-3375\" alt=\"\" srcset=\"https:\/\/mvngosportbranch.org\/wp-content\/uploads\/2020\/04\/TXvgcoDT-150x150.jpg 150w, https:\/\/mvngosportbranch.org\/wp-content\/uploads\/2020\/04\/TXvgcoDT-300x300.jpg 300w, https:\/\/mvngosportbranch.org\/wp-content\/uploads\/2020\/04\/TXvgcoDT-128x128.jpg 128w, https:\/\/mvngosportbranch.org\/wp-content\/uploads\/2020\/04\/TXvgcoDT-32x32.jpg 32w, https:\/\/mvngosportbranch.org\/wp-content\/uploads\/2020\/04\/TXvgcoDT.jpg 512w\" sizes=\"(max-width: 150px) 100vw, 150px\" \/>\t\t\t\t\t\t\t\t\t\t\t\t\t\t\t<\/div>\n\t\t\t\t<\/div>\n\t\t\t\t<div class=\"elementor-element elementor-element-95c344a elementor-widget elementor-widget-image\" data-id=\"95c344a\" data-element_type=\"widget\" data-e-type=\"widget\" data-widget_type=\"image.default\">\n\t\t\t\t<div class=\"elementor-widget-container\">\n\t\t\t\t\t\t\t\t\t\t\t\t\t\t\t<img loading=\"lazy\" decoding=\"async\" width=\"150\" height=\"150\" src=\"https:\/\/mvngosportbranch.org\/wp-content\/uploads\/2019\/07\/23223004_320635101739535_1281772077_o-150x150.png\" class=\"attachment-thumbnail size-thumbnail wp-image-2256\" alt=\"\" srcset=\"https:\/\/mvngosportbranch.org\/wp-content\/uploads\/2019\/07\/23223004_320635101739535_1281772077_o-150x150.png 150w, https:\/\/mvngosportbranch.org\/wp-content\/uploads\/2019\/07\/23223004_320635101739535_1281772077_o-300x300.png 300w, https:\/\/mvngosportbranch.org\/wp-content\/uploads\/2019\/07\/23223004_320635101739535_1281772077_o-80x80.png 80w, https:\/\/mvngosportbranch.org\/wp-content\/uploads\/2019\/07\/23223004_320635101739535_1281772077_o-40x40.png 40w, https:\/\/mvngosportbranch.org\/wp-content\/uploads\/2019\/07\/23223004_320635101739535_1281772077_o-100x100.png 100w\" sizes=\"(max-width: 150px) 100vw, 150px\" \/>\t\t\t\t\t\t\t\t\t\t\t\t\t\t\t<\/div>\n\t\t\t\t<\/div>\n\t\t\t\t<div class=\"elementor-element elementor-element-fe0591d elementor-widget elementor-widget-image\" data-id=\"fe0591d\" data-element_type=\"widget\" data-e-type=\"widget\" data-widget_type=\"image.default\">\n\t\t\t\t<div class=\"elementor-widget-container\">\n\t\t\t\t\t\t\t\t\t\t\t\t\t\t\t<img loading=\"lazy\" decoding=\"async\" width=\"150\" height=\"150\" src=\"https:\/\/mvngosportbranch.org\/wp-content\/uploads\/2019\/07\/ARBS-ENG-Krug2-300x300-150x150.png\" class=\"attachment-thumbnail size-thumbnail wp-image-2260\" alt=\"\" srcset=\"https:\/\/mvngosportbranch.org\/wp-content\/uploads\/2019\/07\/ARBS-ENG-Krug2-300x300-150x150.png 150w, https:\/\/mvngosportbranch.org\/wp-content\/uploads\/2019\/07\/ARBS-ENG-Krug2-300x300-128x128.png 128w, https:\/\/mvngosportbranch.org\/wp-content\/uploads\/2019\/07\/ARBS-ENG-Krug2-300x300-32x32.png 32w, https:\/\/mvngosportbranch.org\/wp-content\/uploads\/2019\/07\/ARBS-ENG-Krug2-300x300-80x80.png 80w, https:\/\/mvngosportbranch.org\/wp-content\/uploads\/2019\/07\/ARBS-ENG-Krug2-300x300-70x70.png 70w, https:\/\/mvngosportbranch.org\/wp-content\/uploads\/2019\/07\/ARBS-ENG-Krug2-300x300-100x100.png 100w, https:\/\/mvngosportbranch.org\/wp-content\/uploads\/2019\/07\/ARBS-ENG-Krug2-300x300-40x40.png 40w, https:\/\/mvngosportbranch.org\/wp-content\/uploads\/2019\/07\/ARBS-ENG-Krug2-300x300.png 300w\" sizes=\"(max-width: 150px) 100vw, 150px\" \/>\t\t\t\t\t\t\t\t\t\t\t\t\t\t\t<\/div>\n\t\t\t\t<\/div>\n\t\t\t\t<div class=\"elementor-element elementor-element-7568543 elementor-widget elementor-widget-image\" data-id=\"7568543\" data-element_type=\"widget\" data-e-type=\"widget\" data-widget_type=\"image.default\">\n\t\t\t\t<div class=\"elementor-widget-container\">\n\t\t\t\t\t\t\t\t\t\t\t\t\t\t\t<img loading=\"lazy\" decoding=\"async\" width=\"150\" height=\"150\" src=\"https:\/\/mvngosportbranch.org\/wp-content\/uploads\/2019\/07\/b91283_4653c70e080046daacd76de8a85c66cc_mv2-150x150.png\" class=\"attachment-thumbnail size-thumbnail wp-image-2261\" alt=\"\" srcset=\"https:\/\/mvngosportbranch.org\/wp-content\/uploads\/2019\/07\/b91283_4653c70e080046daacd76de8a85c66cc_mv2-150x150.png 150w, https:\/\/mvngosportbranch.org\/wp-content\/uploads\/2019\/07\/b91283_4653c70e080046daacd76de8a85c66cc_mv2-300x300.png 300w, https:\/\/mvngosportbranch.org\/wp-content\/uploads\/2019\/07\/b91283_4653c70e080046daacd76de8a85c66cc_mv2-128x128.png 128w, https:\/\/mvngosportbranch.org\/wp-content\/uploads\/2019\/07\/b91283_4653c70e080046daacd76de8a85c66cc_mv2-32x32.png 32w, https:\/\/mvngosportbranch.org\/wp-content\/uploads\/2019\/07\/b91283_4653c70e080046daacd76de8a85c66cc_mv2-80x80.png 80w, https:\/\/mvngosportbranch.org\/wp-content\/uploads\/2019\/07\/b91283_4653c70e080046daacd76de8a85c66cc_mv2-356x356.png 356w, https:\/\/mvngosportbranch.org\/wp-content\/uploads\/2019\/07\/b91283_4653c70e080046daacd76de8a85c66cc_mv2-470x470.png 470w, https:\/\/mvngosportbranch.org\/wp-content\/uploads\/2019\/07\/b91283_4653c70e080046daacd76de8a85c66cc_mv2-70x70.png 70w, https:\/\/mvngosportbranch.org\/wp-content\/uploads\/2019\/07\/b91283_4653c70e080046daacd76de8a85c66cc_mv2-100x100.png 100w, https:\/\/mvngosportbranch.org\/wp-content\/uploads\/2019\/07\/b91283_4653c70e080046daacd76de8a85c66cc_mv2-40x40.png 40w, https:\/\/mvngosportbranch.org\/wp-content\/uploads\/2019\/07\/b91283_4653c70e080046daacd76de8a85c66cc_mv2.png 500w\" sizes=\"(max-width: 150px) 100vw, 150px\" \/>\t\t\t\t\t\t\t\t\t\t\t\t\t\t\t<\/div>\n\t\t\t\t<\/div>\n\t\t\t\t<div class=\"elementor-element elementor-element-acb1ac4 elementor-widget elementor-widget-image\" data-id=\"acb1ac4\" data-element_type=\"widget\" data-e-type=\"widget\" data-widget_type=\"image.default\">\n\t\t\t\t<div class=\"elementor-widget-container\">\n\t\t\t\t\t\t\t\t\t\t\t\t\t\t\t<img loading=\"lazy\" decoding=\"async\" width=\"150\" height=\"76\" src=\"https:\/\/mvngosportbranch.org\/wp-content\/uploads\/2019\/08\/Immagineddd-150x76.png\" class=\"attachment-thumbnail size-thumbnail wp-image-2887\" alt=\"\" srcset=\"https:\/\/mvngosportbranch.org\/wp-content\/uploads\/2019\/08\/Immagineddd-150x76.png 150w, https:\/\/mvngosportbranch.org\/wp-content\/uploads\/2019\/08\/Immagineddd-32x15.png 32w\" sizes=\"(max-width: 150px) 100vw, 150px\" \/>\t\t\t\t\t\t\t\t\t\t\t\t\t\t\t<\/div>\n\t\t\t\t<\/div>\n\t\t\t\t<div class=\"elementor-element elementor-element-ae4c14e elementor-widget elementor-widget-image\" data-id=\"ae4c14e\" data-element_type=\"widget\" data-e-type=\"widget\" data-widget_type=\"image.default\">\n\t\t\t\t<div class=\"elementor-widget-container\">\n\t\t\t\t\t\t\t\t\t\t\t\t\t\t\t<img loading=\"lazy\" decoding=\"async\" width=\"150\" height=\"150\" src=\"https:\/\/mvngosportbranch.org\/wp-content\/uploads\/2019\/08\/download-150x150.png\" class=\"attachment-thumbnail size-thumbnail wp-image-2883\" alt=\"\" srcset=\"https:\/\/mvngosportbranch.org\/wp-content\/uploads\/2019\/08\/download-150x150.png 150w, https:\/\/mvngosportbranch.org\/wp-content\/uploads\/2019\/08\/download-128x128.png 128w, https:\/\/mvngosportbranch.org\/wp-content\/uploads\/2019\/08\/download-32x32.png 32w, https:\/\/mvngosportbranch.org\/wp-content\/uploads\/2019\/08\/download-80x80.png 80w, https:\/\/mvngosportbranch.org\/wp-content\/uploads\/2019\/08\/download-70x70.png 70w, https:\/\/mvngosportbranch.org\/wp-content\/uploads\/2019\/08\/download-100x100.png 100w, https:\/\/mvngosportbranch.org\/wp-content\/uploads\/2019\/08\/download-40x40.png 40w, https:\/\/mvngosportbranch.org\/wp-content\/uploads\/2019\/08\/download.png 225w\" sizes=\"(max-width: 150px) 100vw, 150px\" \/>\t\t\t\t\t\t\t\t\t\t\t\t\t\t\t<\/div>\n\t\t\t\t<\/div>\n\t\t\t\t\t<\/div>\n\t\t<\/div>\n\t\t\t\t<div class=\"elementor-column elementor-col-50 elementor-top-column elementor-element elementor-element-2110aa4\" data-id=\"2110aa4\" data-element_type=\"column\" data-e-type=\"column\">\n\t\t\t<div class=\"elementor-widget-wrap elementor-element-populated\">\n\t\t\t\t\t\t<div class=\"elementor-element elementor-element-8163bc1 elementor-widget elementor-widget-text-editor\" data-id=\"8163bc1\" data-element_type=\"widget\" data-e-type=\"widget\" data-widget_type=\"text-editor.default\">\n\t\t\t\t<div class=\"elementor-widget-container\">\n\t\t\t\t\t\t\t\t\t<p style=\"text-align: center;\"><strong><span style=\"font-size: 12pt;\">Kurikularne staze za osna\u017eivanje migranata kroz sport CPMES je veliki suradni\u010dki sportski projekt Erasmus+ kojeg koordinira nevladina organizacija Mine Vaganti (prora\u010dun 389.310,00 eura).<\/span><\/strong><\/p><p><span style=\"font-size: 12pt; color: #000000;\"><a style=\"color: #000000;\" href=\"http:\/\/www.mvngosportbranch.com\/wp-content\/uploads\/2020\/04\/CPMES-Logo.jpg\"><img loading=\"lazy\" decoding=\"async\" class=\"wp-image-3377 size-thumbnail aligncenter\" src=\"http:\/\/www.mvngosportbranch.com\/wp-content\/uploads\/2020\/04\/CPMES-Logo-150x150.jpg\" alt=\"\" width=\"150\" height=\"150\" srcset=\"https:\/\/mvngosportbranch.org\/wp-content\/uploads\/2020\/04\/CPMES-Logo-150x150.jpg 150w, https:\/\/mvngosportbranch.org\/wp-content\/uploads\/2020\/04\/CPMES-Logo-300x300.jpg 300w, https:\/\/mvngosportbranch.org\/wp-content\/uploads\/2020\/04\/CPMES-Logo-1024x1024.jpg 1024w, https:\/\/mvngosportbranch.org\/wp-content\/uploads\/2020\/04\/CPMES-Logo-768x768.jpg 768w, https:\/\/mvngosportbranch.org\/wp-content\/uploads\/2020\/04\/CPMES-Logo-128x128.jpg 128w, https:\/\/mvngosportbranch.org\/wp-content\/uploads\/2020\/04\/CPMES-Logo-32x32.jpg 32w, https:\/\/mvngosportbranch.org\/wp-content\/uploads\/2020\/04\/CPMES-Logo.jpg 1334w\" sizes=\"(max-width: 150px) 100vw, 150px\" \/><\/a><\/span><\/p><p style=\"text-align: center;\"><span style=\"font-size: 12pt;\">1. Fakultet za sportske znanosti Sveu\u010dili\u0161ta u Extremaduri (\u0160P)<\/span><br \/><span style=\"font-size: 12pt;\">2. PAR Sport (Cro) <\/span><br \/><span style=\"font-size: 12pt;\">3. Tvornica prvaka (BG)<\/span><br \/><span style=\"font-size: 12pt;\">4. BulSport (BG)<\/span><br \/><span style=\"font-size: 12pt;\">5. Socijalna politika i organizacija djelovanja (CY)<\/span><br \/><span style=\"font-size: 12pt;\">6. College Wales (UK)<\/span><br \/><span style=\"font-size: 12pt;\">7. Ako padne (SWE)<\/span><\/p><p><span style=\"font-size: 12pt;\">\u201cKurikularne staze za osna\u017eivanje migranata kroz sport\u2019 usmjerene su na primjenu metodologije obrazovanja kroz sport (Ets) kao sredstva za usavr\u0161avanje i unapre\u0111enje kurikuluma sportskih operatera koji rade na terenu s ranjivim ciljanim skupinama migrantskog podrijetla, s ciljem poticanja poduzetni\u0161tva migranata u sportu.<\/span><\/p><p style=\"text-align: center;\"><span style=\"font-size: 12pt;\"><strong>Radni paketi:<\/strong><\/span><\/p><p><span style=\"font-size: 12pt;\">1. Transversalno istra\u017eivanje usmjereno na utvr\u0111ivanje postoje\u0107ih potreba migranata za podizanjem poduzetni\u010dkih kompetencija u podru\u010dju sporta. Rezultati istra\u017eivanja bit \u0107e integrirani u izvje\u0161\u0107e o potrebama migranata za podizanjem sportskih kompetencija. .<\/span><\/p><p><span style=\"font-size: 12pt;\">2. Transversalno istra\u017eivanje radi identifikacije postoje\u0107eg krajolika profesionalnih profila edukatora za poduzetni\u0161tvo (ETS) koji djeluju u podru\u010dju razvoja poduzetni\u010dkih kompetencija u sportu. Rezultati istra\u017eivanja bit \u0107e integrirani u izvje\u0161\u0107e o ETS profilima, uklju\u010duju\u0107i ponderiranu procjenu potencijalne integracije, pobolj\u0161anja i prilagodbe vje\u0161tina, znanja i metoda s obzirom na specifi\u010dnosti i potrebe ciljne skupine migranata (kako je utvr\u0111eno u to\u010dki 1).<\/span><\/p><p><span style=\"font-size: 12pt;\">3. Izrada diskretnog formata obuke za edukatore sportskog poduzetni\u0161tva usmjerenog na operatere zainteresirane za poduzetni\u010dko obrazovanje migranata kroz ETS. Format \u0107e biti testiran u okviru pilot-TC-a koji uklju\u010duje 5 sportskih operatera koji rade s migrantima po partnerskoj organizaciji. Metodologije i rezultati obuke \u010dinit \u0107e dio \u201cPriru\u010dnika za razvoj obrazovnih profila ETS-a\u201d, koji slu\u017ei kao metodolo\u0161ki resurs za NVO-e, operatere i dionike zainteresirane za razvoj navedenih profila.<\/span><\/p><p><span style=\"font-size: 12pt;\">4. Provedba faze lokalnih aktivnosti na razini svake pojedine partnerske zemlje u kojoj \u0107e operateri obu\u010deni u TC-u provoditi programe osna\u017eivanja poduzetni\u0161tvom temeljene na ETS-u za publiku od 20 lokalno smje\u0161tenih migranata. Partner-organizacije sintetizirat \u0107e metode, aktivnosti i rezultate procesa u digitalnu stazu za samostalno u\u010denje za migrante zainteresirane za stjecanje vje\u0161tina sportskog poduzetni\u0161tva, koja \u0107e biti izra\u0111ena na vi\u0161e jezika (engleski i jezici svih partnera) i integrirana na web-platformi projekta kao OER.<\/span><\/p><p><span style=\"font-size: 12pt;\">5. Uspostava web-platforme otvorenog pristupa za projekt koja integrira pre\u010dace do proizvedenih obrazovnih sadr\u017eaja (priru\u010dnik za razvoj ets obrazovnih profila). Web-platforma tako\u0111er \u0107e integrirati vi\u0161ejezi\u010dnu stazu za samostalno u\u010denje za migrante zainteresirane za razvoj poduzetni\u010dkih vje\u0161tina u<\/span><span style=\"font-size: 12pt;\"> sport<\/span><span style=\"font-size: 12pt; color: #000000;\">.<\/span><\/p>\t\t\t\t\t\t\t\t<\/div>\n\t\t\t\t<\/div>\n\t\t\t\t\t<\/div>\n\t\t<\/div>\n\t\t\t\t\t<\/div>\n\t\t<\/section>\n\t\t\t\t<\/div>","protected":false},"excerpt":{"rendered":"<p>MVNGO SPORT BRANCH CPMES LAST PROJECT Curricular pathways for migrants\u2019 empowerment through sport CPMES is a Big Collaborative Sport Erasmus+ [&hellip;]<\/p>\n","protected":false},"author":1,"featured_media":0,"parent":0,"menu_order":0,"comment_status":"closed","ping_status":"closed","template":"","meta":{"inline_featured_image":false,"ocean_post_layout":"","ocean_both_sidebars_style":"","ocean_both_sidebars_content_width":0,"ocean_both_sidebars_sidebars_width":0,"ocean_sidebar":"0","ocean_second_sidebar":"0","ocean_disable_margins":"enable","ocean_add_body_class":"","ocean_shortcode_before_top_bar":"","ocean_shortcode_after_top_bar":"","ocean_shortcode_before_header":"","ocean_shortcode_after_header":"","ocean_has_shortcode":"","ocean_shortcode_after_title":"","ocean_shortcode_before_footer_widgets":"","ocean_shortcode_after_footer_widgets":"","ocean_shortcode_before_footer_bottom":"","ocean_shortcode_after_footer_bottom":"","ocean_display_top_bar":"default","ocean_display_header":"default","ocean_header_style":"","ocean_center_header_left_menu":"0","ocean_custom_header_template":"0","ocean_custom_logo":0,"ocean_custom_retina_logo":0,"ocean_custom_logo_max_width":0,"ocean_custom_logo_tablet_max_width":0,"ocean_custom_logo_mobile_max_width":0,"ocean_custom_logo_max_height":0,"ocean_custom_logo_tablet_max_height":0,"ocean_custom_logo_mobile_max_height":0,"ocean_header_custom_menu":"0","ocean_menu_typo_font_family":"0","ocean_menu_typo_font_subset":"","ocean_menu_typo_font_size":0,"ocean_menu_typo_font_size_tablet":0,"ocean_menu_typo_font_size_mobile":0,"ocean_menu_typo_font_size_unit":"px","ocean_menu_typo_font_weight":"","ocean_menu_typo_font_weight_tablet":"","ocean_menu_typo_font_weight_mobile":"","ocean_menu_typo_transform":"","ocean_menu_typo_transform_tablet":"","ocean_menu_typo_transform_mobile":"","ocean_menu_typo_line_height":0,"ocean_menu_typo_line_height_tablet":0,"ocean_menu_typo_line_height_mobile":0,"ocean_menu_typo_line_height_unit":"","ocean_menu_typo_spacing":0,"ocean_menu_typo_spacing_tablet":0,"ocean_menu_typo_spacing_mobile":0,"ocean_menu_typo_spacing_unit":"","ocean_menu_link_color":"","ocean_menu_link_color_hover":"","ocean_menu_link_color_active":"","ocean_menu_link_background":"","ocean_menu_link_hover_background":"","ocean_menu_link_active_background":"","ocean_menu_social_links_bg":"","ocean_menu_social_hover_links_bg":"","ocean_menu_social_links_color":"","ocean_menu_social_hover_links_color":"","ocean_disable_title":"default","ocean_disable_heading":"default","ocean_post_title":"","ocean_post_subheading":"","ocean_post_title_style":"","ocean_post_title_background_color":"","ocean_post_title_background":0,"ocean_post_title_bg_image_position":"","ocean_post_title_bg_image_attachment":"","ocean_post_title_bg_image_repeat":"","ocean_post_title_bg_image_size":"","ocean_post_title_height":0,"ocean_post_title_bg_overlay":0.5,"ocean_post_title_bg_overlay_color":"","ocean_disable_breadcrumbs":"default","ocean_breadcrumbs_color":"","ocean_breadcrumbs_separator_color":"","ocean_breadcrumbs_links_color":"","ocean_breadcrumbs_links_hover_color":"","ocean_display_footer_widgets":"default","ocean_display_footer_bottom":"default","ocean_custom_footer_template":"0","footnotes":""},"categories":[],"tags":[],"class_list":["post-5400","page","type-page","status-publish","hentry","entry"],"_links":{"self":[{"href":"https:\/\/mvngosportbranch.org\/hr\/wp-json\/wp\/v2\/pages\/5400","targetHints":{"allow":["GET"]}}],"collection":[{"href":"https:\/\/mvngosportbranch.org\/hr\/wp-json\/wp\/v2\/pages"}],"about":[{"href":"https:\/\/mvngosportbranch.org\/hr\/wp-json\/wp\/v2\/types\/page"}],"author":[{"embeddable":true,"href":"https:\/\/mvngosportbranch.org\/hr\/wp-json\/wp\/v2\/users\/1"}],"replies":[{"embeddable":true,"href":"https:\/\/mvngosportbranch.org\/hr\/wp-json\/wp\/v2\/comments?post=5400"}],"version-history":[{"count":0,"href":"https:\/\/mvngosportbranch.org\/hr\/wp-json\/wp\/v2\/pages\/5400\/revisions"}],"wp:attachment":[{"href":"https:\/\/mvngosportbranch.org\/hr\/wp-json\/wp\/v2\/media?parent=5400"}],"wp:term":[{"taxonomy":"category","embeddable":true,"href":"https:\/\/mvngosportbranch.org\/hr\/wp-json\/wp\/v2\/categories?post=5400"},{"taxonomy":"post_tag","embeddable":true,"href":"https:\/\/mvngosportbranch.org\/hr\/wp-json\/wp\/v2\/tags?post=5400"}],"curies":[{"name":"wp","href":"https:\/\/api.w.org\/{rel}","templated":true}]}}