{"id":5463,"date":"2021-11-28T22:21:57","date_gmt":"2021-11-28T22:21:57","guid":{"rendered":"https:\/\/mvngosportbranch.org\/?page_id=5463"},"modified":"2021-12-02T14:41:06","modified_gmt":"2021-12-02T14:41:06","slug":"background-information","status":"publish","type":"page","link":"https:\/\/mvngosportbranch.org\/it\/cpmes\/cpmes-international-conference\/background-information\/","title":{"rendered":"Informazioni di base"},"content":{"rendered":"<div data-elementor-type=\"wp-page\" data-elementor-id=\"5463\" class=\"elementor elementor-5463\">\n\t\t\t\t\t\t<section class=\"elementor-section elementor-top-section elementor-element elementor-element-b495849 elementor-section-boxed elementor-section-height-default elementor-section-height-default\" data-id=\"b495849\" data-element_type=\"section\" data-e-type=\"section\">\n\t\t\t\t\t\t<div class=\"elementor-container elementor-column-gap-default\">\n\t\t\t\t\t<div class=\"elementor-column elementor-col-100 elementor-top-column elementor-element elementor-element-e178e88\" data-id=\"e178e88\" data-element_type=\"column\" data-e-type=\"column\">\n\t\t\t<div class=\"elementor-widget-wrap elementor-element-populated\">\n\t\t\t\t\t\t<div class=\"elementor-element elementor-element-a5f697e elementor-widget elementor-widget-menu-anchor\" data-id=\"a5f697e\" data-element_type=\"widget\" data-e-type=\"widget\" data-widget_type=\"menu-anchor.default\">\n\t\t\t\t<div class=\"elementor-widget-container\">\n\t\t\t\t\t\t\t<div class=\"elementor-menu-anchor\" id=\"info\"><\/div>\n\t\t\t\t\t\t<\/div>\n\t\t\t\t<\/div>\n\t\t\t\t\t<\/div>\n\t\t<\/div>\n\t\t\t\t\t<\/div>\n\t\t<\/section>\n\t\t\t\t<section class=\"elementor-section elementor-top-section elementor-element elementor-element-cb0d848 elementor-section-boxed elementor-section-height-default elementor-section-height-default\" data-id=\"cb0d848\" data-element_type=\"section\" data-e-type=\"section\">\n\t\t\t\t\t\t<div class=\"elementor-container elementor-column-gap-default\">\n\t\t\t\t\t<div class=\"elementor-column elementor-col-100 elementor-top-column elementor-element elementor-element-6a450d1\" data-id=\"6a450d1\" data-element_type=\"column\" data-e-type=\"column\">\n\t\t\t<div class=\"elementor-widget-wrap elementor-element-populated\">\n\t\t\t\t\t\t<div class=\"elementor-element elementor-element-e23baca elementor-widget elementor-widget-toggle\" data-id=\"e23baca\" data-element_type=\"widget\" data-e-type=\"widget\" data-widget_type=\"toggle.default\">\n\t\t\t\t<div class=\"elementor-widget-container\">\n\t\t\t\t\t\t\t<div class=\"elementor-toggle\">\n\t\t\t\t\t\t\t<div class=\"elementor-toggle-item\">\n\t\t\t\t\t<div id=\"elementor-tab-title-2371\" class=\"elementor-tab-title\" data-tab=\"1\" role=\"button\" aria-controls=\"elementor-tab-content-2371\" aria-expanded=\"false\">\n\t\t\t\t\t\t\t\t\t\t\t\t<span class=\"elementor-toggle-icon elementor-toggle-icon-left\" aria-hidden=\"true\">\n\t\t\t\t\t\t\t\t\t\t\t\t\t\t\t<span class=\"elementor-toggle-icon-closed\"><i class=\"fas fa-caret-right\"><\/i><\/span>\n\t\t\t\t\t\t\t\t<span class=\"elementor-toggle-icon-opened\"><i class=\"elementor-toggle-icon-opened fas fa-caret-up\"><\/i><\/span>\n\t\t\t\t\t\t\t\t\t\t\t\t\t<\/span>\n\t\t\t\t\t\t\t\t\t\t\t\t<a class=\"elementor-toggle-title\" tabindex=\"0\">il progetto CPMES<\/a>\n\t\t\t\t\t<\/div>\n\n\t\t\t\t\t<div id=\"elementor-tab-content-2371\" class=\"elementor-tab-content elementor-clearfix\" data-tab=\"1\" role=\"region\" aria-labelledby=\"elementor-tab-title-2371\"><p style=\"text-align: justify;\"><strong>Percorsi curriculari per l'empowerment dei migranti attraverso lo sport<\/strong> (CPMES) \u00e8 un progetto cofinanziato dall'Agenzia esecutiva europea per l'istruzione, gli audiovisivi e la cultura (EACEA) - che si concentra sull'impiego della metodologia dell'educazione attraverso lo sport (ETS) come veicolo di aggiornamento e potenziamento curriculare degli allenatori e dei formatori sportivi che lavorano sul campo con gruppi target svantaggiati con background migratorio, nella prospettiva di promuovere l'inclusione e le pari opportunit\u00e0 nello sport per i migranti.<\/p>\n<p style=\"text-align: justify;\">Il CPMES persegue lo specifico <strong>Priorit\u00e0 del partenariato collaborativo Erasmus Plus<\/strong> per incoraggiare l'inclusione sociale e le pari opportunit\u00e0 nello sport, e mira a rispondere alla sfida dell'esclusione sociale dei migranti in Europa. Un'attenzione particolare \u00e8 rivolta all'impellente questione della sistematica sottorappresentazione degli immigrati nei ruoli non di gioco all'interno dei club e delle organizzazioni sportive.<\/p><\/div>\n\t\t\t\t<\/div>\n\t\t\t\t\t\t\t<div class=\"elementor-toggle-item\">\n\t\t\t\t\t<div id=\"elementor-tab-title-2372\" class=\"elementor-tab-title\" data-tab=\"2\" role=\"button\" aria-controls=\"elementor-tab-content-2372\" aria-expanded=\"false\">\n\t\t\t\t\t\t\t\t\t\t\t\t<span class=\"elementor-toggle-icon elementor-toggle-icon-left\" aria-hidden=\"true\">\n\t\t\t\t\t\t\t\t\t\t\t\t\t\t\t<span class=\"elementor-toggle-icon-closed\"><i class=\"fas fa-caret-right\"><\/i><\/span>\n\t\t\t\t\t\t\t\t<span class=\"elementor-toggle-icon-opened\"><i class=\"elementor-toggle-icon-opened fas fa-caret-up\"><\/i><\/span>\n\t\t\t\t\t\t\t\t\t\t\t\t\t<\/span>\n\t\t\t\t\t\t\t\t\t\t\t\t<a class=\"elementor-toggle-title\" tabindex=\"0\">Obiettivi della conferenza<\/a>\n\t\t\t\t\t<\/div>\n\n\t\t\t\t\t<div id=\"elementor-tab-content-2372\" class=\"elementor-tab-content elementor-clearfix\" data-tab=\"2\" role=\"region\" aria-labelledby=\"elementor-tab-title-2372\"><p style=\"text-align: justify;\">La CPMES promuove la dimensione europea della sfida transnazionale identificata (la sottorappresentazione dei migranti in posizioni di responsabilit\u00e0 nel campo dello Sport) attraverso la produzione di <strong>programmi e moduli didattici per l'aggiornamento degli operatori sportivi esistenti<\/strong> (Allenatori e Formatori) che lavorano con il pubblico migrante verso profili personalizzati di educatori di Sport Management che supportano <strong>migranti nello sviluppo di profili di Sport Manager<\/strong> affrontando i vincoli e le sfide che i migranti devono affrontare per accedere a tale posizione attraverso i mezzi educativi.<\/p>\n<p style=\"text-align: justify;\">Per questo motivo, la conferenza CPMES si propone di riunire tutte le parti e gli interessati a un pubblico internazionale di stakeholder ed esperti nel campo dello sport, dei migranti, dell'istruzione e del pubblico in generale. - presentare e discutere i risultati e le metodologie del progetto CMPES; impegnarsi in un follow-up - di importanza critica per la societ\u00e0 nell'UE.<\/p><\/div>\n\t\t\t\t<\/div>\n\t\t\t\t\t\t\t\t<\/div>\n\t\t\t\t\t\t<\/div>\n\t\t\t\t<\/div>\n\t\t\t\t<div class=\"elementor-element elementor-element-dd2e58f elementor-widget elementor-widget-heading\" data-id=\"dd2e58f\" data-element_type=\"widget\" data-e-type=\"widget\" data-widget_type=\"heading.default\">\n\t\t\t\t<div class=\"elementor-widget-container\">\n\t\t\t\t\t<h2 class=\"elementor-heading-title elementor-size-large\">Argomenti della conferenza<\/h2>\t\t\t\t<\/div>\n\t\t\t\t<\/div>\n\t\t\t\t<div class=\"elementor-element elementor-element-424d933 elementor-widget elementor-widget-text-editor\" data-id=\"424d933\" data-element_type=\"widget\" data-e-type=\"widget\" data-widget_type=\"text-editor.default\">\n\t\t\t\t<div class=\"elementor-widget-container\">\n\t\t\t\t\t\t\t\t\t<p class=\"MsoNormal\" style=\"margin-bottom: 0cm; text-align: justify; mso-layout-grid-align: none; text-autospace: none;\"><span lang=\"EN-US\" style=\"font-size: 11pt; line-height: 107%;\">Una dimensione chiave del valore aggiunto europeo del progetto \u00e8 l'incorporazione di una <b>approccio di ricerca transnazionale e intersettoriale<\/b> sulle esigenze di riqualificazione dei migranti e degli educatori, la conferenza presenter\u00e0<\/span><\/p>\t\t\t\t\t\t\t\t<\/div>\n\t\t\t\t<\/div>\n\t\t\t\t<div class=\"elementor-element elementor-element-8557c03 elementor-tabs-view-horizontal elementor-widget elementor-widget-tabs\" data-id=\"8557c03\" data-element_type=\"widget\" data-e-type=\"widget\" data-widget_type=\"tabs.default\">\n\t\t\t\t<div class=\"elementor-widget-container\">\n\t\t\t\t\t\t\t<div class=\"elementor-tabs\">\n\t\t\t<div class=\"elementor-tabs-wrapper\" role=\"tablist\" >\n\t\t\t\t\t\t\t\t\t<div id=\"elementor-tab-title-1391\" class=\"elementor-tab-title elementor-tab-desktop-title\" aria-selected=\"true\" data-tab=\"1\" role=\"tab\" tabindex=\"0\" aria-controls=\"elementor-tab-content-1391\" aria-expanded=\"false\">Sport e integrazione<\/div>\n\t\t\t\t\t\t\t\t\t<div id=\"elementor-tab-title-1392\" class=\"elementor-tab-title elementor-tab-desktop-title\" aria-selected=\"false\" data-tab=\"2\" role=\"tab\" tabindex=\"-1\" aria-controls=\"elementor-tab-content-1392\" aria-expanded=\"false\">Ricerca sociale sulla gestione dello sport<\/div>\n\t\t\t\t\t\t\t\t\t<div id=\"elementor-tab-title-1393\" class=\"elementor-tab-title elementor-tab-desktop-title\" aria-selected=\"false\" data-tab=\"3\" role=\"tab\" tabindex=\"-1\" aria-controls=\"elementor-tab-content-1393\" aria-expanded=\"false\">La metodologia ETS verso un modello completo di applicabilit\u00e0 generale<\/div>\n\t\t\t\t\t\t\t\t\t<div id=\"elementor-tab-title-1394\" class=\"elementor-tab-title elementor-tab-desktop-title\" aria-selected=\"false\" data-tab=\"4\" role=\"tab\" tabindex=\"-1\" aria-controls=\"elementor-tab-content-1394\" aria-expanded=\"false\">Un doppio percorso di carriera per gli atleti professionisti e semiprofessionisti dello sport<\/div>\n\t\t\t\t\t\t\t<\/div>\n\t\t\t<div class=\"elementor-tabs-content-wrapper\" role=\"tablist\" aria-orientation=\"vertical\">\n\t\t\t\t\t\t\t\t\t<div class=\"elementor-tab-title elementor-tab-mobile-title\" aria-selected=\"true\" data-tab=\"1\" role=\"tab\" tabindex=\"0\" aria-controls=\"elementor-tab-content-1391\" aria-expanded=\"false\">Sport e integrazione<\/div>\n\t\t\t\t\t<div id=\"elementor-tab-content-1391\" class=\"elementor-tab-content elementor-clearfix\" data-tab=\"1\" role=\"tabpanel\" aria-labelledby=\"elementor-tab-title-1391\" tabindex=\"0\" hidden=\"false\"><p style=\"text-align: justify;\">Come base per ulteriori iniziative e sforzi politici a tutti i livelli nel settore, EUROSTAT descrive un quadro di disparit\u00e0 consistente tra migranti e locali nell'accesso alle opportunit\u00e0 di impiego. Inoltre, i migranti nell'UE-28 hanno un rischio pi\u00f9 elevato di povert\u00e0 ed esclusione sociale rispetto ai cittadini. Nel campo dello sport, la sottorappresentazione dei migranti \u00e8 particolarmente evidente e impegnativa nella loro esclusione dalle posizioni di autorit\u00e0 e dalla rappresentanza complessiva nelle posizioni non di gioco.<\/p><p style=\"text-align: justify;\"><span style=\"font-size: 14px; color: var( --e-global-color-text );\">Per affrontare e rappresentare un<b> motore in entrata della personalizzazione alle sfide e alle condizioni nazionali<\/b>Il progetto CPMES si \u00e8 basato su due approcci diversi:<\/span><\/p><ul><li style=\"text-align: left;\">il processo di aggiornamento degli operatori sportivi, affinch\u00e9 diventino veri e propri mentori per i potenziali manager sportivi migranti;<\/li><li style=\"text-align: left;\">offrire ai migranti una formazione locale su misura per l'acquisizione di competenze relative al profilo di Manager Sportivo<\/li><\/ul><\/div>\n\t\t\t\t\t\t\t\t\t<div class=\"elementor-tab-title elementor-tab-mobile-title\" aria-selected=\"false\" data-tab=\"2\" role=\"tab\" tabindex=\"-1\" aria-controls=\"elementor-tab-content-1392\" aria-expanded=\"false\">Ricerca sociale sulla gestione dello sport<\/div>\n\t\t\t\t\t<div id=\"elementor-tab-content-1392\" class=\"elementor-tab-content elementor-clearfix\" data-tab=\"2\" role=\"tabpanel\" aria-labelledby=\"elementor-tab-title-1392\" tabindex=\"0\" hidden=\"hidden\"><p style=\"text-align: justify;\">Attraverso la ricerca e le attivit\u00e0 il progetto CPMES ha elaborato<b> rapporti<\/b> sui bisogni di riqualificazione dei migranti nello sport grazie a una ricerca inter-paese e ai profili ETS, che includono un'analisi ponderata dei bisogni dei migranti. <b>valutazione<\/b> sull'integrazione potenziale; miglioramento e modifica delle competenze; conoscenze e metodi alla luce delle peculiarit\u00e0 e delle esigenze dei migranti.<\/p><\/div>\n\t\t\t\t\t\t\t\t\t<div class=\"elementor-tab-title elementor-tab-mobile-title\" aria-selected=\"false\" data-tab=\"3\" role=\"tab\" tabindex=\"-1\" aria-controls=\"elementor-tab-content-1393\" aria-expanded=\"false\">La metodologia ETS verso un modello completo di applicabilit\u00e0 generale<\/div>\n\t\t\t\t\t<div id=\"elementor-tab-content-1393\" class=\"elementor-tab-content elementor-clearfix\" data-tab=\"3\" role=\"tabpanel\" aria-labelledby=\"elementor-tab-title-1393\" tabindex=\"0\" hidden=\"hidden\"><p style=\"text-align: justify;\">Per ottenere una maggiore fruibilit\u00e0 e un impatto pi\u00f9 ampio per i migranti di tutto lo spettro europeo, il progetto CPMES ha elaborato:<\/p><ul><li style=\"text-align: justify;\">a <b>formato di formazione<\/b> basato sulla metodologia Education Through Sport (ETS), rivolto agli operatori interessati allo sviluppo di profili di Sport Manager migranti.<\/li><li style=\"text-align: justify;\">a <b>manuale<\/b> contenente i metodi di preparazione e valutazione relativi al Training Format.<\/li><\/ul><\/div>\n\t\t\t\t\t\t\t\t\t<div class=\"elementor-tab-title elementor-tab-mobile-title\" aria-selected=\"false\" data-tab=\"4\" role=\"tab\" tabindex=\"-1\" aria-controls=\"elementor-tab-content-1394\" aria-expanded=\"false\">Un doppio percorso di carriera per gli atleti professionisti e semiprofessionisti dello sport<\/div>\n\t\t\t\t\t<div id=\"elementor-tab-content-1394\" class=\"elementor-tab-content elementor-clearfix\" data-tab=\"4\" role=\"tabpanel\" aria-labelledby=\"elementor-tab-title-1394\" tabindex=\"0\" hidden=\"hidden\"><p style=\"text-align: justify;\">Per migliorare la fruibilit\u00e0, la rilevanza e l'impatto dei risultati in una dimensione europea, il progetto CPMES ha elaborato:<\/p><ul><li style=\"text-align: justify;\"><span style=\"font-size: 14px; color: var( --e-global-color-text );\">Un piano di attivit\u00e0 contenente strategie nazionali per l'implementazione di corsi di formazione rivolti ai migranti e che li coinvolgano.<\/span><\/li><li style=\"text-align: justify;\"><span style=\"font-size: 14px; color: var( --e-global-color-text );\">Linee guida per gli enti sportivi per l'integrazione lavorativa dei migranti come dirigenti sportivi.<\/span><\/li><li style=\"text-align: justify;\"><span style=\"font-size: 14px; color: var( --e-global-color-text );\">Una piattaforma online di e-learning che favorisce la formazione individuale del potenziale dei migranti come manager dello sport (amministrazione, gestione delle risorse umane, creazione di contenuti digitali, gestione di eventi sportivi, marketing e comunicazione, strategie finanziarie e buona governance).<\/span><\/li><\/ul><p style=\"text-align: justify;\">I temi e i casi che rientrano in questi argomenti saranno discussi da vari punti di vista, tra cui i benefici sociali ed economici attesi, l'etica, la percezione e il coinvolgimento del pubblico e il quadro normativo. La conferenza affronter\u00e0 i quattro temi chiave in sessioni plenarie in cui i relatori principali presenteranno punti di vista stimolanti e strumenti innovativi\/di empowerment. Tra le sessioni plenarie saranno offerte opportunit\u00e0 di networking. I relatori internazionali presenteranno le loro esperienze, ricerche e visioni, che a loro volta saranno messe in discussione dai partner CPMES e\/o dal coinvolgimento dei partecipanti durante le sessioni.<\/p><\/div>\n\t\t\t\t\t\t\t<\/div>\n\t\t<\/div>\n\t\t\t\t\t\t<\/div>\n\t\t\t\t<\/div>\n\t\t\t\t<div class=\"elementor-element elementor-element-cacfbc3 elementor-widget elementor-widget-toggle\" data-id=\"cacfbc3\" data-element_type=\"widget\" data-e-type=\"widget\" data-widget_type=\"toggle.default\">\n\t\t\t\t<div class=\"elementor-widget-container\">\n\t\t\t\t\t\t\t<div class=\"elementor-toggle\">\n\t\t\t\t\t\t\t<div class=\"elementor-toggle-item\">\n\t\t\t\t\t<div id=\"elementor-tab-title-2121\" class=\"elementor-tab-title\" data-tab=\"1\" role=\"button\" aria-controls=\"elementor-tab-content-2121\" aria-expanded=\"false\">\n\t\t\t\t\t\t\t\t\t\t\t\t<span class=\"elementor-toggle-icon elementor-toggle-icon-left\" aria-hidden=\"true\">\n\t\t\t\t\t\t\t\t\t\t\t\t\t\t\t<span class=\"elementor-toggle-icon-closed\"><i class=\"fas fa-caret-right\"><\/i><\/span>\n\t\t\t\t\t\t\t\t<span class=\"elementor-toggle-icon-opened\"><i class=\"elementor-toggle-icon-opened fas fa-caret-up\"><\/i><\/span>\n\t\t\t\t\t\t\t\t\t\t\t\t\t<\/span>\n\t\t\t\t\t\t\t\t\t\t\t\t<a class=\"elementor-toggle-title\" tabindex=\"0\">Risultati della conferenza<\/a>\n\t\t\t\t\t<\/div>\n\n\t\t\t\t\t<div id=\"elementor-tab-content-2121\" class=\"elementor-tab-content elementor-clearfix\" data-tab=\"1\" role=\"region\" aria-labelledby=\"elementor-tab-title-2121\"><ul style=\"list-style-type: circle;\"><li style=\"text-align: justify;\">Identificazione delle preoccupazioni e dei problemi principali. Queste includono ad esempio le implicazioni etiche, i disturbi ambientali, l'equilibrio economico del potere, le implicazioni legali, la propriet\u00e0 intellettuale, le considerazioni filosofiche e religiose e il processo decisionale politico.<\/li><li style=\"text-align: justify;\">Presentazione di un percorso di autoapprendimento multilingue in Sport Management direttamente accessibile ai migranti, per favorire la dimensione dell'apprendimento autonomo e quindi agire come moltiplicatore di portata e impatto.<\/li><li style=\"text-align: justify;\">Approfondire le modalit\u00e0 con cui questi aspetti possono essere coinvolti nei processi decisionali di associazioni, imprese sociali, aziende, ricerca, policy maker, gruppi di interesse, in modo da consentire scelte realmente consapevoli e collegare l'empowerment scientifico e migratorio nello sport e attraverso di esso agli obiettivi della societ\u00e0.<\/li><li style=\"text-align: justify;\">Esplorazione delle tendenze future nella societ\u00e0 e nello sport. La conferenza sar\u00e0 conclusa da una sessione partecipativa, in cui gli organizzatori coinvolgeranno il pubblico di gruppi target e stakeholder in un dibattito su potenziali partnership e schemi di follow-up europeo - per sviluppare ulteriormente il progetto e migliorarne la sostenibilit\u00e0 in una prospettiva a lungo termine.<\/li><\/ul><\/div>\n\t\t\t\t<\/div>\n\t\t\t\t\t\t\t<div class=\"elementor-toggle-item\">\n\t\t\t\t\t<div id=\"elementor-tab-title-2122\" class=\"elementor-tab-title\" data-tab=\"2\" role=\"button\" aria-controls=\"elementor-tab-content-2122\" aria-expanded=\"false\">\n\t\t\t\t\t\t\t\t\t\t\t\t<span class=\"elementor-toggle-icon elementor-toggle-icon-left\" aria-hidden=\"true\">\n\t\t\t\t\t\t\t\t\t\t\t\t\t\t\t<span class=\"elementor-toggle-icon-closed\"><i class=\"fas fa-caret-right\"><\/i><\/span>\n\t\t\t\t\t\t\t\t<span class=\"elementor-toggle-icon-opened\"><i class=\"elementor-toggle-icon-opened fas fa-caret-up\"><\/i><\/span>\n\t\t\t\t\t\t\t\t\t\t\t\t\t<\/span>\n\t\t\t\t\t\t\t\t\t\t\t\t<a class=\"elementor-toggle-title\" tabindex=\"0\">Ambito internazionale<\/a>\n\t\t\t\t\t<\/div>\n\n\t\t\t\t\t<div id=\"elementor-tab-content-2122\" class=\"elementor-tab-content elementor-clearfix\" data-tab=\"2\" role=\"region\" aria-labelledby=\"elementor-tab-title-2122\"><p style=\"text-align: justify;\">La Conferenza CMPES affronter\u00e0 tutti questi temi da una prospettiva internazionale. Pertanto, il posizionamento della conferenza sar\u00e0 a livello europeo e in lingua inglese. Ove necessario, saranno utilizzati esempi tratti da esperienze locali sarde e internazionali, con particolare riferimento ad aspetti specifici della migrazione e delle carriere, come la densit\u00e0 di popolazione, l'apertura delle frontiere e una societ\u00e0 multiculturale.<\/p><\/div>\n\t\t\t\t<\/div>\n\t\t\t\t\t\t\t<div class=\"elementor-toggle-item\">\n\t\t\t\t\t<div id=\"elementor-tab-title-2123\" class=\"elementor-tab-title\" data-tab=\"3\" role=\"button\" aria-controls=\"elementor-tab-content-2123\" aria-expanded=\"false\">\n\t\t\t\t\t\t\t\t\t\t\t\t<span class=\"elementor-toggle-icon elementor-toggle-icon-left\" aria-hidden=\"true\">\n\t\t\t\t\t\t\t\t\t\t\t\t\t\t\t<span class=\"elementor-toggle-icon-closed\"><i class=\"fas fa-caret-right\"><\/i><\/span>\n\t\t\t\t\t\t\t\t<span class=\"elementor-toggle-icon-opened\"><i class=\"elementor-toggle-icon-opened fas fa-caret-up\"><\/i><\/span>\n\t\t\t\t\t\t\t\t\t\t\t\t\t<\/span>\n\t\t\t\t\t\t\t\t\t\t\t\t<a class=\"elementor-toggle-title\" tabindex=\"0\">Chi parteciper\u00e0<\/a>\n\t\t\t\t\t<\/div>\n\n\t\t\t\t\t<div id=\"elementor-tab-content-2123\" class=\"elementor-tab-content elementor-clearfix\" data-tab=\"3\" role=\"region\" aria-labelledby=\"elementor-tab-title-2123\"><p style=\"text-align: justify;\">Questa conferenza, della durata di un'intera giornata, \u00e8 rivolta a tutti coloro che ritengono di avere a che fare con l'\"Empowerment attraverso lo sport\". Ci\u00f2 significa riunire rappresentanti a livello interdisciplinare - da gruppi di utenti, sviluppatori, responsabili politici, scienziati - professionisti di Sport Club, ONG, istituzioni educative, universit\u00e0, autorit\u00e0 pubbliche, imprese sociali - ecc. Le pause caff\u00e8 e pranzo offriranno ai partecipanti l'opportunit\u00e0 di discutere gli argomenti della conferenza e di rinnovare le loro reti con i rappresentanti della ricerca, dei gruppi di utenti e degli stakeholder.<\/p><\/div>\n\t\t\t\t<\/div>\n\t\t\t\t\t\t\t\t<\/div>\n\t\t\t\t\t\t<\/div>\n\t\t\t\t<\/div>\n\t\t\t\t\t<\/div>\n\t\t<\/div>\n\t\t\t\t\t<\/div>\n\t\t<\/section>\n\t\t\t\t<section class=\"elementor-section elementor-top-section elementor-element elementor-element-14341a1 elementor-section-boxed elementor-section-height-default elementor-section-height-default\" data-id=\"14341a1\" data-element_type=\"section\" data-e-type=\"section\">\n\t\t\t\t\t\t<div class=\"elementor-container elementor-column-gap-default\">\n\t\t\t\t\t<div class=\"elementor-column elementor-col-100 elementor-top-column elementor-element elementor-element-390e611\" data-id=\"390e611\" data-element_type=\"column\" data-e-type=\"column\">\n\t\t\t<div class=\"elementor-widget-wrap\">\n\t\t\t\t\t\t\t<\/div>\n\t\t<\/div>\n\t\t\t\t\t<\/div>\n\t\t<\/section>\n\t\t\t\t<\/div>","protected":false},"excerpt":{"rendered":"<p>the CPMES project Curricular Pathways for Migrants\u2019 Empowerment through Sport (CPMES) is a project Co-funded by the European Education, Audiovisual [&hellip;]<\/p>\n","protected":false},"author":1,"featured_media":0,"parent":4581,"menu_order":0,"comment_status":"closed","ping_status":"closed","template":"","meta":{"inline_featured_image":false,"ocean_post_layout":"","ocean_both_sidebars_style":"","ocean_both_sidebars_content_width":0,"ocean_both_sidebars_sidebars_width":0,"ocean_sidebar":"0","ocean_second_sidebar":"0","ocean_disable_margins":"enable","ocean_add_body_class":"","ocean_shortcode_before_top_bar":"","ocean_shortcode_after_top_bar":"","ocean_shortcode_before_header":"","ocean_shortcode_after_header":"","ocean_has_shortcode":"","ocean_shortcode_after_title":"","ocean_shortcode_before_footer_widgets":"","ocean_shortcode_after_footer_widgets":"","ocean_shortcode_before_footer_bottom":"","ocean_shortcode_after_footer_bottom":"","ocean_display_top_bar":"default","ocean_display_header":"default","ocean_header_style":"","ocean_center_header_left_menu":"0","ocean_custom_header_template":"0","ocean_custom_logo":0,"ocean_custom_retina_logo":0,"ocean_custom_logo_max_width":0,"ocean_custom_logo_tablet_max_width":0,"ocean_custom_logo_mobile_max_width":0,"ocean_custom_logo_max_height":0,"ocean_custom_logo_tablet_max_height":0,"ocean_custom_logo_mobile_max_height":0,"ocean_header_custom_menu":"0","ocean_menu_typo_font_family":"0","ocean_menu_typo_font_subset":"","ocean_menu_typo_font_size":0,"ocean_menu_typo_font_size_tablet":0,"ocean_menu_typo_font_size_mobile":0,"ocean_menu_typo_font_size_unit":"px","ocean_menu_typo_font_weight":"","ocean_menu_typo_font_weight_tablet":"","ocean_menu_typo_font_weight_mobile":"","ocean_menu_typo_transform":"","ocean_menu_typo_transform_tablet":"","ocean_menu_typo_transform_mobile":"","ocean_menu_typo_line_height":0,"ocean_menu_typo_line_height_tablet":0,"ocean_menu_typo_line_height_mobile":0,"ocean_menu_typo_line_height_unit":"","ocean_menu_typo_spacing":0,"ocean_menu_typo_spacing_tablet":0,"ocean_menu_typo_spacing_mobile":0,"ocean_menu_typo_spacing_unit":"","ocean_menu_link_color":"","ocean_menu_link_color_hover":"","ocean_menu_link_color_active":"","ocean_menu_link_background":"","ocean_menu_link_hover_background":"","ocean_menu_link_active_background":"","ocean_menu_social_links_bg":"","ocean_menu_social_hover_links_bg":"","ocean_menu_social_links_color":"","ocean_menu_social_hover_links_color":"","ocean_disable_title":"default","ocean_disable_heading":"default","ocean_post_title":"","ocean_post_subheading":"","ocean_post_title_style":"","ocean_post_title_background_color":"","ocean_post_title_background":0,"ocean_post_title_bg_image_position":"","ocean_post_title_bg_image_attachment":"","ocean_post_title_bg_image_repeat":"","ocean_post_title_bg_image_size":"","ocean_post_title_height":0,"ocean_post_title_bg_overlay":0.5,"ocean_post_title_bg_overlay_color":"","ocean_disable_breadcrumbs":"default","ocean_breadcrumbs_color":"","ocean_breadcrumbs_separator_color":"","ocean_breadcrumbs_links_color":"","ocean_breadcrumbs_links_hover_color":"","ocean_display_footer_widgets":"default","ocean_display_footer_bottom":"default","ocean_custom_footer_template":"0","footnotes":""},"categories":[],"tags":[],"class_list":["post-5463","page","type-page","status-publish","hentry","entry"],"_links":{"self":[{"href":"https:\/\/mvngosportbranch.org\/it\/wp-json\/wp\/v2\/pages\/5463","targetHints":{"allow":["GET"]}}],"collection":[{"href":"https:\/\/mvngosportbranch.org\/it\/wp-json\/wp\/v2\/pages"}],"about":[{"href":"https:\/\/mvngosportbranch.org\/it\/wp-json\/wp\/v2\/types\/page"}],"author":[{"embeddable":true,"href":"https:\/\/mvngosportbranch.org\/it\/wp-json\/wp\/v2\/users\/1"}],"replies":[{"embeddable":true,"href":"https:\/\/mvngosportbranch.org\/it\/wp-json\/wp\/v2\/comments?post=5463"}],"version-history":[{"count":0,"href":"https:\/\/mvngosportbranch.org\/it\/wp-json\/wp\/v2\/pages\/5463\/revisions"}],"up":[{"embeddable":true,"href":"https:\/\/mvngosportbranch.org\/it\/wp-json\/wp\/v2\/pages\/4581"}],"wp:attachment":[{"href":"https:\/\/mvngosportbranch.org\/it\/wp-json\/wp\/v2\/media?parent=5463"}],"wp:term":[{"taxonomy":"category","embeddable":true,"href":"https:\/\/mvngosportbranch.org\/it\/wp-json\/wp\/v2\/categories?post=5463"},{"taxonomy":"post_tag","embeddable":true,"href":"https:\/\/mvngosportbranch.org\/it\/wp-json\/wp\/v2\/tags?post=5463"}],"curies":[{"name":"wp","href":"https:\/\/api.w.org\/{rel}","templated":true}]}}