{"id":1818,"date":"2019-02-04T17:24:44","date_gmt":"2019-02-04T17:24:44","guid":{"rendered":"http:\/\/mvngosportbranch.org\/?page_id=1818"},"modified":"2021-12-01T14:24:45","modified_gmt":"2021-12-01T14:24:45","slug":"cpmes-research","status":"publish","type":"page","link":"https:\/\/mvngosportbranch.org\/sv\/cpmes-research\/","title":{"rendered":"Forskning"},"content":{"rendered":"<div data-elementor-type=\"wp-page\" data-elementor-id=\"1818\" class=\"elementor elementor-1818\">\n\t\t\t\t\t\t<section class=\"elementor-section elementor-top-section elementor-element elementor-element-51a3a9c elementor-section-boxed elementor-section-height-default elementor-section-height-default\" data-id=\"51a3a9c\" data-element_type=\"section\" data-e-type=\"section\">\n\t\t\t\t\t\t<div class=\"elementor-container elementor-column-gap-default\">\n\t\t\t\t\t<div class=\"elementor-column elementor-col-100 elementor-top-column elementor-element elementor-element-3a3a224\" data-id=\"3a3a224\" data-element_type=\"column\" data-e-type=\"column\">\n\t\t\t<div class=\"elementor-widget-wrap elementor-element-populated\">\n\t\t\t\t\t\t<div class=\"elementor-element elementor-element-29b4dc8 elementor-widget elementor-widget-spacer\" data-id=\"29b4dc8\" data-element_type=\"widget\" data-e-type=\"widget\" data-widget_type=\"spacer.default\">\n\t\t\t\t<div class=\"elementor-widget-container\">\n\t\t\t\t\t\t\t<div class=\"elementor-spacer\">\n\t\t\t<div class=\"elementor-spacer-inner\"><\/div>\n\t\t<\/div>\n\t\t\t\t\t\t<\/div>\n\t\t\t\t<\/div>\n\t\t\t\t\t<\/div>\n\t\t<\/div>\n\t\t\t\t\t<\/div>\n\t\t<\/section>\n\t\t\t\t<section class=\"elementor-section elementor-top-section elementor-element elementor-element-4bdaeb19 elementor-section-content-middle elementor-section-boxed elementor-section-height-default elementor-section-height-default elementor-invisible\" data-id=\"4bdaeb19\" data-element_type=\"section\" data-e-type=\"section\" data-settings=\"{&quot;background_background&quot;:&quot;classic&quot;,&quot;animation&quot;:&quot;fadeInLeft&quot;}\">\n\t\t\t\t\t\t\t<div class=\"elementor-background-overlay\"><\/div>\n\t\t\t\t\t\t\t<div class=\"elementor-container elementor-column-gap-default\">\n\t\t\t\t\t<div class=\"elementor-column elementor-col-100 elementor-top-column elementor-element elementor-element-178327c2\" data-id=\"178327c2\" data-element_type=\"column\" data-e-type=\"column\" data-settings=\"{&quot;background_background&quot;:&quot;classic&quot;}\">\n\t\t\t<div class=\"elementor-widget-wrap elementor-element-populated\">\n\t\t\t\t\t\t<section class=\"elementor-section elementor-inner-section elementor-element elementor-element-64436635 elementor-section-height-default elementor-section-content-middle elementor-section-boxed elementor-section-height-default\" data-id=\"64436635\" data-element_type=\"section\" data-e-type=\"section\" data-settings=\"{&quot;background_background&quot;:&quot;classic&quot;}\">\n\t\t\t\t\t\t\t<div class=\"elementor-background-overlay\"><\/div>\n\t\t\t\t\t\t\t<div class=\"elementor-container elementor-column-gap-default\">\n\t\t\t\t\t<div class=\"elementor-column elementor-col-100 elementor-inner-column elementor-element elementor-element-1334270\" data-id=\"1334270\" data-element_type=\"column\" data-e-type=\"column\">\n\t\t\t<div class=\"elementor-widget-wrap elementor-element-populated\">\n\t\t\t\t\t\t<div class=\"elementor-element elementor-element-32056fc5 elementor-widget elementor-widget-heading\" data-id=\"32056fc5\" data-element_type=\"widget\" data-e-type=\"widget\" data-widget_type=\"heading.default\">\n\t\t\t\t<div class=\"elementor-widget-container\">\n\t\t\t\t\t<h3 class=\"elementor-heading-title elementor-size-large\">Forskning <\/h3>\t\t\t\t<\/div>\n\t\t\t\t<\/div>\n\t\t\t\t\t<\/div>\n\t\t<\/div>\n\t\t\t\t\t<\/div>\n\t\t<\/section>\n\t\t\t\t\t<\/div>\n\t\t<\/div>\n\t\t\t\t\t<\/div>\n\t\t<\/section>\n\t\t\t\t<section class=\"elementor-section elementor-top-section elementor-element elementor-element-7a05ded elementor-section-boxed elementor-section-height-default elementor-section-height-default\" data-id=\"7a05ded\" data-element_type=\"section\" data-e-type=\"section\">\n\t\t\t\t\t\t<div class=\"elementor-container elementor-column-gap-default\">\n\t\t\t\t\t<div class=\"elementor-column elementor-col-100 elementor-top-column elementor-element elementor-element-d5153f0\" data-id=\"d5153f0\" data-element_type=\"column\" data-e-type=\"column\">\n\t\t\t<div class=\"elementor-widget-wrap elementor-element-populated\">\n\t\t\t\t\t\t<div class=\"elementor-element elementor-element-a1d0b41 elementor-widget elementor-widget-spacer\" data-id=\"a1d0b41\" data-element_type=\"widget\" data-e-type=\"widget\" data-widget_type=\"spacer.default\">\n\t\t\t\t<div class=\"elementor-widget-container\">\n\t\t\t\t\t\t\t<div class=\"elementor-spacer\">\n\t\t\t<div class=\"elementor-spacer-inner\"><\/div>\n\t\t<\/div>\n\t\t\t\t\t\t<\/div>\n\t\t\t\t<\/div>\n\t\t\t\t\t<\/div>\n\t\t<\/div>\n\t\t\t\t\t<\/div>\n\t\t<\/section>\n\t\t\t\t<section class=\"elementor-section elementor-top-section elementor-element elementor-element-27539330 elementor-section-boxed elementor-section-height-default elementor-section-height-default\" data-id=\"27539330\" data-element_type=\"section\" data-e-type=\"section\">\n\t\t\t\t\t\t<div class=\"elementor-container elementor-column-gap-default\">\n\t\t\t\t\t<div class=\"elementor-column elementor-col-100 elementor-top-column elementor-element elementor-element-8eba795\" data-id=\"8eba795\" data-element_type=\"column\" data-e-type=\"column\">\n\t\t\t<div class=\"elementor-widget-wrap elementor-element-populated\">\n\t\t\t\t\t\t<div class=\"elementor-element elementor-element-d607be2 elementor-widget elementor-widget-heading\" data-id=\"d607be2\" data-element_type=\"widget\" data-e-type=\"widget\" data-widget_type=\"heading.default\">\n\t\t\t\t<div class=\"elementor-widget-container\">\n\t\t\t\t\t<h2 class=\"elementor-heading-title elementor-size-large\">Intellektuell utg\u00e5ng 1<\/h2>\t\t\t\t<\/div>\n\t\t\t\t<\/div>\n\t\t\t\t<div class=\"elementor-element elementor-element-9c75e78 elementor-widget-divider--view-line elementor-widget elementor-widget-divider\" data-id=\"9c75e78\" data-element_type=\"widget\" data-e-type=\"widget\" data-widget_type=\"divider.default\">\n\t\t\t\t<div class=\"elementor-widget-container\">\n\t\t\t\t\t\t\t<div class=\"elementor-divider\">\n\t\t\t<span class=\"elementor-divider-separator\">\n\t\t\t\t\t\t<\/span>\n\t\t<\/div>\n\t\t\t\t\t\t<\/div>\n\t\t\t\t<\/div>\n\t\t\t\t<div class=\"elementor-element elementor-element-d24ec33 elementor-widget elementor-widget-text-editor\" data-id=\"d24ec33\" data-element_type=\"widget\" data-e-type=\"widget\" data-widget_type=\"text-editor.default\">\n\t\t\t\t<div class=\"elementor-widget-container\">\n\t\t\t\t\t\t\t\t\t<p><span style=\"color: #ff0000; font-size: 14pt;\"><strong>Rapport om invandrares behov av kompetensh\u00f6jning inom idrott<\/strong><\/span><\/p>\t\t\t\t\t\t\t\t<\/div>\n\t\t\t\t<\/div>\n\t\t\t\t<div class=\"elementor-element elementor-element-257d8cd elementor-widget elementor-widget-text-editor\" data-id=\"257d8cd\" data-element_type=\"widget\" data-e-type=\"widget\" data-widget_type=\"text-editor.default\">\n\t\t\t\t<div class=\"elementor-widget-container\">\n\t\t\t\t\t\t\t\t\t<p><span style=\"color: #000000;\">Detta resultat best\u00e5r av en lands\u00f6verskridande analys av de befintliga hinder och kompetensh\u00f6jningsbehov som invandrare st\u00e5r inf\u00f6r inom idrottsomr\u00e5det, med fokus p\u00e5 att identifiera de externa (dvs. kontextrelaterade) s\u00e5v\u00e4l som interna (dvs. kompetensrelaterade) faktorer som hindrar en \u00f6kad representation av invandrarm\u00e5l i ledande roller inom idrottssektorn. Forskningen genomf\u00f6rdes nationellt i varje partnerland genom en kombination av skrivbordsmetoder (insamling och genomt\u00e4nkt studie av befintliga statistiska uppgifter och akademisk litteratur) och f\u00e4ltmetoder (spridning av en unders\u00f6kning bland idrotts- och invandrarintressenter). Forskningsresultaten integrerades i en rapport, som kombinerar b\u00e5de en \u00f6versikt \u00f6ver det befintliga landskapet av kompetensh\u00f6jningsbehov och recept \u00f6ver potentiella v\u00e4gar till f\u00f6rb\u00e4ttring.<\/span><\/p>\t\t\t\t\t\t\t\t<\/div>\n\t\t\t\t<\/div>\n\t\t\t\t\t<\/div>\n\t\t<\/div>\n\t\t\t\t\t<\/div>\n\t\t<\/section>\n\t\t\t\t<section class=\"elementor-section elementor-top-section elementor-element elementor-element-77cc22a elementor-section-boxed elementor-section-height-default elementor-section-height-default\" data-id=\"77cc22a\" data-element_type=\"section\" data-e-type=\"section\">\n\t\t\t\t\t\t<div class=\"elementor-container elementor-column-gap-default\">\n\t\t\t\t\t<div class=\"elementor-column elementor-col-100 elementor-top-column elementor-element elementor-element-477084f\" data-id=\"477084f\" data-element_type=\"column\" data-e-type=\"column\">\n\t\t\t<div class=\"elementor-widget-wrap elementor-element-populated\">\n\t\t\t\t\t\t<div class=\"elementor-element elementor-element-c5d2a9e elementor-widget elementor-widget-image\" data-id=\"c5d2a9e\" data-element_type=\"widget\" data-e-type=\"widget\" data-widget_type=\"image.default\">\n\t\t\t\t<div class=\"elementor-widget-container\">\n\t\t\t\t\t\t\t\t\t\t\t\t\t\t\t\t<a href=\"https:\/\/www.mvngosportbranch.com\/wp-content\/uploads\/2021\/11\/IO1-Final-Report-Migrants-Upskilling-Needs-in-Sport-OFF.pdf\" target=\"_blank\">\n\t\t\t\t\t\t\t<img fetchpriority=\"high\" decoding=\"async\" width=\"209\" height=\"300\" src=\"https:\/\/mvngosportbranch.org\/wp-content\/uploads\/2021\/11\/IO1-209x300.png\" class=\"attachment-medium size-medium wp-image-4737\" alt=\"\" \/>\t\t\t\t\t\t\t\t<\/a>\n\t\t\t\t\t\t\t\t\t\t\t\t\t\t\t<\/div>\n\t\t\t\t<\/div>\n\t\t\t\t\t<\/div>\n\t\t<\/div>\n\t\t\t\t\t<\/div>\n\t\t<\/section>\n\t\t\t\t<section class=\"elementor-section elementor-top-section elementor-element elementor-element-568088c elementor-section-boxed elementor-section-height-default elementor-section-height-default\" data-id=\"568088c\" data-element_type=\"section\" data-e-type=\"section\">\n\t\t\t\t\t\t<div class=\"elementor-container elementor-column-gap-default\">\n\t\t\t\t\t<div class=\"elementor-column elementor-col-100 elementor-top-column elementor-element elementor-element-9d06983\" data-id=\"9d06983\" data-element_type=\"column\" data-e-type=\"column\">\n\t\t\t<div class=\"elementor-widget-wrap elementor-element-populated\">\n\t\t\t\t\t\t<div class=\"elementor-element elementor-element-e46e085 elementor-widget elementor-widget-text-editor\" data-id=\"e46e085\" data-element_type=\"widget\" data-e-type=\"widget\" data-widget_type=\"text-editor.default\">\n\t\t\t\t<div class=\"elementor-widget-container\">\n\t\t\t\t\t\t\t\t\t<p><span style=\"color: #000000; font-family: georgia, palatino, serif; font-size: 17px; font-style: normal; font-variant-ligatures: normal; font-variant-caps: normal; font-weight: 300; text-align: center;\"><strong><span style=\"color: #ff0000;\"><a style=\"color: #ff0000;\" href=\"https:\/\/www.mvngosportbranch.com\/wp-content\/uploads\/2021\/11\/CPMES-IO1-Abstract-Italian.pdf\" target=\"_blank\" rel=\"noopener\">Sammanfattning p\u00e5 italienska<\/a><\/span><\/strong>\u00a0 \u00a0 \u00a0<a href=\"https:\/\/www.mvngosportbranch.com\/wp-content\/uploads\/2021\/11\/CPMES-IO1-Abstract-Spanish.pdf\" target=\"_blank\" rel=\"noopener\"><strong><span style=\"color: #ff0000;\">Sammanfattning p\u00e5 spanska<\/span><\/strong><\/a>\u00a0 \u00a0 \u00a0<a style=\"color: #000000;\" href=\"https:\/\/www.mvngosportbranch.com\/wp-content\/uploads\/2021\/11\/CPMES-IO1-Abstract-Bulgarian.pdf\" target=\"_blank\" rel=\"noopener\"><strong><span style=\"color: #ff0000;\">Abstrakt<\/span> <span style=\"color: #ff0000;\">p\u00e5 bulgariska\u00a0<\/span><\/strong><\/a>\u00a0 \u00a0 \u00a0<a href=\"https:\/\/www.mvngosportbranch.com\/wp-content\/uploads\/2021\/11\/CPMES-IO1-Abstract-Croatian.pdf\" target=\"_blank\" rel=\"noopener\"><strong><span style=\"color: #ff0000;\">Sammanfattning p\u00e5 kroatiska<\/span><\/strong><\/a>\u00a0 \u00a0 <a href=\"https:\/\/www.mvngosportbranch.com\/wp-content\/uploads\/2021\/11\/CPMES-IO1-Abstract-Greek.pdf\" target=\"_blank\" rel=\"noopener\"><strong><span style=\"color: #ff0000;\">Sammanfattning p\u00e5 grekiska<\/span><\/strong><\/a>\u00a0 \u00a0<a href=\"https:\/\/www.mvngosportbranch.com\/wp-content\/uploads\/2021\/11\/CPMES-IO1-Abstract-Swedish.pdf\" target=\"_blank\" rel=\"noopener\"><strong><span style=\"color: #ff0000;\">Sammanfattning p\u00e5 svenska\u00a0<\/span><\/strong><\/a><\/span><\/p>\t\t\t\t\t\t\t\t<\/div>\n\t\t\t\t<\/div>\n\t\t\t\t\t<\/div>\n\t\t<\/div>\n\t\t\t\t\t<\/div>\n\t\t<\/section>\n\t\t\t\t<section class=\"elementor-section elementor-top-section elementor-element elementor-element-2b18317b elementor-section-boxed elementor-section-height-default elementor-section-height-default\" data-id=\"2b18317b\" data-element_type=\"section\" data-e-type=\"section\">\n\t\t\t\t\t\t<div class=\"elementor-container elementor-column-gap-default\">\n\t\t\t\t\t<div class=\"elementor-column elementor-col-100 elementor-top-column elementor-element elementor-element-69d53d5c\" data-id=\"69d53d5c\" data-element_type=\"column\" data-e-type=\"column\">\n\t\t\t<div class=\"elementor-widget-wrap elementor-element-populated\">\n\t\t\t\t\t\t<div class=\"elementor-element elementor-element-234a33fd elementor-widget elementor-widget-heading\" data-id=\"234a33fd\" data-element_type=\"widget\" data-e-type=\"widget\" data-widget_type=\"heading.default\">\n\t\t\t\t<div class=\"elementor-widget-container\">\n\t\t\t\t\t<h2 class=\"elementor-heading-title elementor-size-large\">Intellektuell produktion 2<\/h2>\t\t\t\t<\/div>\n\t\t\t\t<\/div>\n\t\t\t\t<div class=\"elementor-element elementor-element-3a199d8e elementor-widget-divider--view-line elementor-widget elementor-widget-divider\" data-id=\"3a199d8e\" data-element_type=\"widget\" data-e-type=\"widget\" data-widget_type=\"divider.default\">\n\t\t\t\t<div class=\"elementor-widget-container\">\n\t\t\t\t\t\t\t<div class=\"elementor-divider\">\n\t\t\t<span class=\"elementor-divider-separator\">\n\t\t\t\t\t\t<\/span>\n\t\t<\/div>\n\t\t\t\t\t\t<\/div>\n\t\t\t\t<\/div>\n\t\t\t\t<div class=\"elementor-element elementor-element-14a674b2 elementor-widget elementor-widget-text-editor\" data-id=\"14a674b2\" data-element_type=\"widget\" data-e-type=\"widget\" data-widget_type=\"text-editor.default\">\n\t\t\t\t<div class=\"elementor-widget-container\">\n\t\t\t\t\t\t\t\t\t<p><span style=\"color: #ff0000; font-size: 14pt;\"><strong>Rapport om ETS-profiler<\/strong><\/span><\/p>\t\t\t\t\t\t\t\t<\/div>\n\t\t\t\t<\/div>\n\t\t\t\t<div class=\"elementor-element elementor-element-0e6cd68 elementor-widget elementor-widget-text-editor\" data-id=\"0e6cd68\" data-element_type=\"widget\" data-e-type=\"widget\" data-widget_type=\"text-editor.default\">\n\t\t\t\t<div class=\"elementor-widget-container\">\n\t\t\t\t\t\t\t\t\t<p><span style=\"color: #000000;\">Denna utdata inneh\u00e5ller<\/span><span style=\"color: #000000;\">\u00a0en beskrivande bed\u00f6mning och evidensbaserade f\u00f6reskrifter med avseende p\u00e5<\/span><br \/><span style=\"color: #000000;\">- Det befintliga landskapet av idrottsutbildares l\u00e4roplaner inom omr\u00e5det f\u00f6r utveckling av idrottsledares profiler, p\u00e5 nationell niv\u00e5 (i varje partnerland) s\u00e5v\u00e4l som p\u00e5 en bredare europeisk niv\u00e5 (aspekter av likhet, skillnader och gemensamma utmaningar mellan de nationella sammanhang som analyserats).<\/span><br \/><span style=\"color: #000000;\">- Bristerna i befintliga l\u00e4roplaner j\u00e4mf\u00f6rt med invandrargruppernas behov av kompetensh\u00f6jning och utbildningsbegr\u00e4nsningar, som identifierats i Intellectual Output 1. Denna del av rapportens deskriptiva\/prescriptiva analys g\u00e4ller de nationella och europeiska dimensionerna.<\/span><br \/><span style=\"color: #000000;\">- De potentiella v\u00e4garna f\u00f6r f\u00f6rb\u00e4ttring\/integration\/anpassning i befintliga l\u00e4roplaner i en logik av anpassning till behoven och begr\u00e4nsningarna hos en publik av invandrare.  Den normativa analysen g\u00e4ller och \u00e4r grundad p\u00e5 den evidensbas som samlats in p\u00e5 nationell och europeisk niv\u00e5.<\/span><\/p>\t\t\t\t\t\t\t\t<\/div>\n\t\t\t\t<\/div>\n\t\t\t\t\t<\/div>\n\t\t<\/div>\n\t\t\t\t\t<\/div>\n\t\t<\/section>\n\t\t\t\t<section class=\"elementor-section elementor-top-section elementor-element elementor-element-8c37ad1 elementor-section-boxed elementor-section-height-default elementor-section-height-default\" data-id=\"8c37ad1\" data-element_type=\"section\" data-e-type=\"section\">\n\t\t\t\t\t\t<div class=\"elementor-container elementor-column-gap-default\">\n\t\t\t\t\t<div class=\"elementor-column elementor-col-100 elementor-top-column elementor-element elementor-element-0209764\" data-id=\"0209764\" data-element_type=\"column\" data-e-type=\"column\">\n\t\t\t<div class=\"elementor-widget-wrap elementor-element-populated\">\n\t\t\t\t\t\t<div class=\"elementor-element elementor-element-8663521 elementor-widget elementor-widget-image\" data-id=\"8663521\" data-element_type=\"widget\" data-e-type=\"widget\" data-widget_type=\"image.default\">\n\t\t\t\t<div class=\"elementor-widget-container\">\n\t\t\t\t\t\t\t\t\t\t\t\t\t\t\t\t<a href=\"https:\/\/www.mvngosportbranch.com\/wp-content\/uploads\/2021\/12\/IO2-Report-on-ETS-Profiles.pdf\">\n\t\t\t\t\t\t\t<img decoding=\"async\" width=\"211\" height=\"300\" src=\"https:\/\/mvngosportbranch.org\/wp-content\/uploads\/2021\/12\/IO2-211x300.png\" class=\"attachment-medium size-medium wp-image-5796\" alt=\"\" srcset=\"https:\/\/mvngosportbranch.org\/wp-content\/uploads\/2021\/12\/IO2-211x300.png 211w, https:\/\/mvngosportbranch.org\/wp-content\/uploads\/2021\/12\/IO2-90x128.png 90w, https:\/\/mvngosportbranch.org\/wp-content\/uploads\/2021\/12\/IO2-22x32.png 22w, https:\/\/mvngosportbranch.org\/wp-content\/uploads\/2021\/12\/IO2.png 571w\" sizes=\"(max-width: 211px) 100vw, 211px\" \/>\t\t\t\t\t\t\t\t<\/a>\n\t\t\t\t\t\t\t\t\t\t\t\t\t\t\t<\/div>\n\t\t\t\t<\/div>\n\t\t\t\t\t<\/div>\n\t\t<\/div>\n\t\t\t\t\t<\/div>\n\t\t<\/section>\n\t\t\t\t<section class=\"elementor-section elementor-top-section elementor-element elementor-element-017a9ae elementor-section-boxed elementor-section-height-default elementor-section-height-default\" data-id=\"017a9ae\" data-element_type=\"section\" data-e-type=\"section\">\n\t\t\t\t\t\t<div class=\"elementor-container elementor-column-gap-default\">\n\t\t\t\t\t<div class=\"elementor-column elementor-col-100 elementor-top-column elementor-element elementor-element-e7ddc5a\" data-id=\"e7ddc5a\" data-element_type=\"column\" data-e-type=\"column\">\n\t\t\t<div class=\"elementor-widget-wrap elementor-element-populated\">\n\t\t\t\t\t\t<div class=\"elementor-element elementor-element-a287ba3 elementor-widget elementor-widget-text-editor\" data-id=\"a287ba3\" data-element_type=\"widget\" data-e-type=\"widget\" data-widget_type=\"text-editor.default\">\n\t\t\t\t<div class=\"elementor-widget-container\">\n\t\t\t\t\t\t\t\t\t<p><span style=\"font-family: georgia, palatino, serif; font-size: 12pt;\"><strong><span style=\"color: #ff0000;\"><a style=\"color: #ff0000;\" href=\"https:\/\/www.mvngosportbranch.com\/wp-content\/uploads\/2021\/12\/CPMES-IO2-Abstract-Italian.pdf\" target=\"_blank\" rel=\"noopener\">\u00a0 \u00a0 Sammanfattning p\u00e5 italienska<\/a>\u00a0 \u00a0 <a style=\"color: #ff0000;\" href=\"https:\/\/www.mvngosportbranch.com\/wp-content\/uploads\/2021\/12\/CPMES-IO2-Abstract-Spanish.pdf\" target=\"_blank\" rel=\"noopener\">Sammanfattning p\u00e5 spanska<\/a>\u00a0 \u00a0 \u00a0<a style=\"color: #ff0000;\" href=\"https:\/\/www.mvngosportbranch.com\/wp-content\/uploads\/2021\/12\/CPMES-IO2-Abstract-Bulgarian.pdf\" target=\"_blank\" rel=\"noopener\">Sammanfattning p\u00e5 bulgariska<\/a>\u00a0 \u00a0 \u00a0 <\/span><a href=\"https:\/\/www.mvngosportbranch.com\/wp-content\/uploads\/2021\/12\/CPMES-IO2-Abstract-Croatian.pdf\" target=\"_blank\" rel=\"noopener\"><span style=\"color: #ff0000;\">Sammanfattning p\u00e5 kroatiska<\/span><\/a><span style=\"color: #ff0000;\"><strong>\u00a0<\/strong> \u00a0 \u00a0 <a style=\"color: #ff0000;\" href=\"https:\/\/www.mvngosportbranch.com\/wp-content\/uploads\/2021\/12\/CPMES-IO2-Abstract-Greek.pdf\" target=\"_blank\" rel=\"noopener\">Sammanfattning p\u00e5 grekiska<\/a>\u00a0 \u00a0 \u00a0<a style=\"color: #ff0000;\" href=\"https:\/\/www.mvngosportbranch.com\/wp-content\/uploads\/2021\/12\/CPMES-IO2-Abstract-Swedish.pdf\" target=\"_blank\" rel=\"noopener\">Sammanfattning p\u00e5 svenska<\/a><\/span><\/strong><\/span><\/p>\t\t\t\t\t\t\t\t<\/div>\n\t\t\t\t<\/div>\n\t\t\t\t\t<\/div>\n\t\t<\/div>\n\t\t\t\t\t<\/div>\n\t\t<\/section>\n\t\t\t\t<\/div>","protected":false},"excerpt":{"rendered":"<p>Research Intellectual Output 1 Report on Migrant&#8217;s Upskilling Needs in Sport This output consist in a cross-country analysis of the [&hellip;]<\/p>\n","protected":false},"author":1,"featured_media":0,"parent":0,"menu_order":0,"comment_status":"closed","ping_status":"closed","template":"","meta":{"inline_featured_image":false,"ocean_post_layout":"full-screen","ocean_both_sidebars_style":"","ocean_both_sidebars_content_width":0,"ocean_both_sidebars_sidebars_width":0,"ocean_sidebar":"0","ocean_second_sidebar":"0","ocean_disable_margins":"enable","ocean_add_body_class":"","ocean_shortcode_before_top_bar":"","ocean_shortcode_after_top_bar":"","ocean_shortcode_before_header":"","ocean_shortcode_after_header":"","ocean_has_shortcode":"","ocean_shortcode_after_title":"","ocean_shortcode_before_footer_widgets":"","ocean_shortcode_after_footer_widgets":"","ocean_shortcode_before_footer_bottom":"","ocean_shortcode_after_footer_bottom":"","ocean_display_top_bar":"default","ocean_display_header":"default","ocean_header_style":"","ocean_center_header_left_menu":"0","ocean_custom_header_template":"0","ocean_custom_logo":0,"ocean_custom_retina_logo":0,"ocean_custom_logo_max_width":0,"ocean_custom_logo_tablet_max_width":0,"ocean_custom_logo_mobile_max_width":0,"ocean_custom_logo_max_height":0,"ocean_custom_logo_tablet_max_height":0,"ocean_custom_logo_mobile_max_height":0,"ocean_header_custom_menu":"0","ocean_menu_typo_font_family":"0","ocean_menu_typo_font_subset":"","ocean_menu_typo_font_size":0,"ocean_menu_typo_font_size_tablet":0,"ocean_menu_typo_font_size_mobile":0,"ocean_menu_typo_font_size_unit":"px","ocean_menu_typo_font_weight":"","ocean_menu_typo_font_weight_tablet":"","ocean_menu_typo_font_weight_mobile":"","ocean_menu_typo_transform":"","ocean_menu_typo_transform_tablet":"","ocean_menu_typo_transform_mobile":"","ocean_menu_typo_line_height":0,"ocean_menu_typo_line_height_tablet":0,"ocean_menu_typo_line_height_mobile":0,"ocean_menu_typo_line_height_unit":"","ocean_menu_typo_spacing":0,"ocean_menu_typo_spacing_tablet":0,"ocean_menu_typo_spacing_mobile":0,"ocean_menu_typo_spacing_unit":"","ocean_menu_link_color":"","ocean_menu_link_color_hover":"","ocean_menu_link_color_active":"","ocean_menu_link_background":"","ocean_menu_link_hover_background":"","ocean_menu_link_active_background":"","ocean_menu_social_links_bg":"","ocean_menu_social_hover_links_bg":"","ocean_menu_social_links_color":"","ocean_menu_social_hover_links_color":"","ocean_disable_title":"on","ocean_disable_heading":"default","ocean_post_title":"","ocean_post_subheading":"","ocean_post_title_style":"","ocean_post_title_background_color":"","ocean_post_title_background":0,"ocean_post_title_bg_image_position":"","ocean_post_title_bg_image_attachment":"","ocean_post_title_bg_image_repeat":"","ocean_post_title_bg_image_size":"","ocean_post_title_height":0,"ocean_post_title_bg_overlay":0.5,"ocean_post_title_bg_overlay_color":"","ocean_disable_breadcrumbs":"default","ocean_breadcrumbs_color":"","ocean_breadcrumbs_separator_color":"","ocean_breadcrumbs_links_color":"","ocean_breadcrumbs_links_hover_color":"","ocean_display_footer_widgets":"default","ocean_display_footer_bottom":"default","ocean_custom_footer_template":"0","footnotes":""},"categories":[],"tags":[],"class_list":["post-1818","page","type-page","status-publish","hentry","entry"],"_links":{"self":[{"href":"https:\/\/mvngosportbranch.org\/sv\/wp-json\/wp\/v2\/pages\/1818","targetHints":{"allow":["GET"]}}],"collection":[{"href":"https:\/\/mvngosportbranch.org\/sv\/wp-json\/wp\/v2\/pages"}],"about":[{"href":"https:\/\/mvngosportbranch.org\/sv\/wp-json\/wp\/v2\/types\/page"}],"author":[{"embeddable":true,"href":"https:\/\/mvngosportbranch.org\/sv\/wp-json\/wp\/v2\/users\/1"}],"replies":[{"embeddable":true,"href":"https:\/\/mvngosportbranch.org\/sv\/wp-json\/wp\/v2\/comments?post=1818"}],"version-history":[{"count":0,"href":"https:\/\/mvngosportbranch.org\/sv\/wp-json\/wp\/v2\/pages\/1818\/revisions"}],"wp:attachment":[{"href":"https:\/\/mvngosportbranch.org\/sv\/wp-json\/wp\/v2\/media?parent=1818"}],"wp:term":[{"taxonomy":"category","embeddable":true,"href":"https:\/\/mvngosportbranch.org\/sv\/wp-json\/wp\/v2\/categories?post=1818"},{"taxonomy":"post_tag","embeddable":true,"href":"https:\/\/mvngosportbranch.org\/sv\/wp-json\/wp\/v2\/tags?post=1818"}],"curies":[{"name":"wp","href":"https:\/\/api.w.org\/{rel}","templated":true}]}}