{"id":5400,"date":"2021-11-28T20:57:50","date_gmt":"2021-11-28T20:57:50","guid":{"rendered":"https:\/\/mvngosportbranch.org\/?page_id=5400"},"modified":"2021-11-28T21:17:05","modified_gmt":"2021-11-28T21:17:05","slug":"about","status":"publish","type":"page","link":"https:\/\/mvngosportbranch.org\/sv\/about\/","title":{"rendered":"Om"},"content":{"rendered":"<div data-elementor-type=\"wp-page\" data-elementor-id=\"5400\" class=\"elementor elementor-5400\">\n\t\t\t\t\t\t<section class=\"elementor-section elementor-top-section elementor-element elementor-element-689cd3b elementor-section-boxed elementor-section-height-default elementor-section-height-default\" data-id=\"689cd3b\" data-element_type=\"section\" data-e-type=\"section\">\n\t\t\t\t\t\t<div class=\"elementor-container elementor-column-gap-default\">\n\t\t\t\t\t<div class=\"elementor-column elementor-col-50 elementor-top-column elementor-element elementor-element-80705bd\" data-id=\"80705bd\" data-element_type=\"column\" data-e-type=\"column\">\n\t\t\t<div class=\"elementor-widget-wrap elementor-element-populated\">\n\t\t\t\t\t\t<div class=\"elementor-element elementor-element-8b1b44c elementor-widget elementor-widget-text-editor\" data-id=\"8b1b44c\" data-element_type=\"widget\" data-e-type=\"widget\" data-widget_type=\"text-editor.default\">\n\t\t\t\t<div class=\"elementor-widget-container\">\n\t\t\t\t\t\t\t\t\t<p style=\"text-align: center;\"><span style=\"color: #ffffff;\"><strong>MVNGO SPORT GREN CPMES SISTA PROJEKT<\/strong><\/span><\/p>\t\t\t\t\t\t\t\t<\/div>\n\t\t\t\t<\/div>\n\t\t\t\t\t<\/div>\n\t\t<\/div>\n\t\t\t\t<div class=\"elementor-column elementor-col-50 elementor-top-column elementor-element elementor-element-0e6d220\" data-id=\"0e6d220\" data-element_type=\"column\" data-e-type=\"column\">\n\t\t\t<div class=\"elementor-widget-wrap elementor-element-populated\">\n\t\t\t\t\t\t<div class=\"elementor-element elementor-element-0fe39d1 elementor-widget elementor-widget-video\" data-id=\"0fe39d1\" data-element_type=\"widget\" data-e-type=\"widget\" data-settings=\"{&quot;youtube_url&quot;:&quot;https:\\\/\\\/www.youtube.com\\\/watch?v=cO_RriV_q_4&amp;fbclid=IwAR0Sn1Gp2OfPCiIKEAOUoeAEQ81e_6vYDFxEJ9eQyP1kshYDcAEFwcnESdI&quot;,&quot;autoplay&quot;:&quot;yes&quot;,&quot;mute&quot;:&quot;yes&quot;,&quot;video_type&quot;:&quot;youtube&quot;}\" data-widget_type=\"video.default\">\n\t\t\t\t<div class=\"elementor-widget-container\">\n\t\t\t\t\t\t\t<div class=\"elementor-wrapper elementor-open-inline\">\n\t\t\t<div class=\"elementor-video\"><\/div>\t\t<\/div>\n\t\t\t\t\t\t<\/div>\n\t\t\t\t<\/div>\n\t\t\t\t\t<\/div>\n\t\t<\/div>\n\t\t\t\t\t<\/div>\n\t\t<\/section>\n\t\t\t\t<section class=\"elementor-section elementor-top-section elementor-element elementor-element-009ca96 elementor-section-boxed elementor-section-height-default elementor-section-height-default\" data-id=\"009ca96\" data-element_type=\"section\" data-e-type=\"section\">\n\t\t\t\t\t\t<div class=\"elementor-container elementor-column-gap-default\">\n\t\t\t\t\t<div class=\"elementor-column elementor-col-100 elementor-top-column elementor-element elementor-element-501d67d\" data-id=\"501d67d\" data-element_type=\"column\" data-e-type=\"column\">\n\t\t\t<div class=\"elementor-widget-wrap elementor-element-populated\">\n\t\t\t\t\t\t<div class=\"elementor-element elementor-element-90254d8 elementor-widget elementor-widget-spacer\" data-id=\"90254d8\" data-element_type=\"widget\" data-e-type=\"widget\" data-widget_type=\"spacer.default\">\n\t\t\t\t<div class=\"elementor-widget-container\">\n\t\t\t\t\t\t\t<div class=\"elementor-spacer\">\n\t\t\t<div class=\"elementor-spacer-inner\"><\/div>\n\t\t<\/div>\n\t\t\t\t\t\t<\/div>\n\t\t\t\t<\/div>\n\t\t\t\t\t<\/div>\n\t\t<\/div>\n\t\t\t\t\t<\/div>\n\t\t<\/section>\n\t\t\t\t<section class=\"elementor-section elementor-top-section elementor-element elementor-element-d8d44e3 elementor-section-boxed elementor-section-height-default elementor-section-height-default\" data-id=\"d8d44e3\" data-element_type=\"section\" data-e-type=\"section\">\n\t\t\t\t\t\t<div class=\"elementor-container elementor-column-gap-default\">\n\t\t\t\t\t<div class=\"elementor-column elementor-col-50 elementor-top-column elementor-element elementor-element-aa2e164\" data-id=\"aa2e164\" data-element_type=\"column\" data-e-type=\"column\">\n\t\t\t<div class=\"elementor-widget-wrap elementor-element-populated\">\n\t\t\t\t\t\t<div class=\"elementor-element elementor-element-3960949 elementor-widget elementor-widget-image\" data-id=\"3960949\" data-element_type=\"widget\" data-e-type=\"widget\" data-widget_type=\"image.default\">\n\t\t\t\t<div class=\"elementor-widget-container\">\n\t\t\t\t\t\t\t\t\t\t\t\t\t\t\t<img decoding=\"async\" width=\"150\" height=\"150\" src=\"https:\/\/mvngosportbranch.org\/wp-content\/uploads\/2019\/08\/mvngo-logo-bianco-OFF-150x150.jpg\" class=\"attachment-thumbnail size-thumbnail wp-image-2880\" alt=\"\" srcset=\"https:\/\/mvngosportbranch.org\/wp-content\/uploads\/2019\/08\/mvngo-logo-bianco-OFF-150x150.jpg 150w, https:\/\/mvngosportbranch.org\/wp-content\/uploads\/2019\/08\/mvngo-logo-bianco-OFF-300x300.jpg 300w, https:\/\/mvngosportbranch.org\/wp-content\/uploads\/2019\/08\/mvngo-logo-bianco-OFF-768x768.jpg 768w, https:\/\/mvngosportbranch.org\/wp-content\/uploads\/2019\/08\/mvngo-logo-bianco-OFF-128x128.jpg 128w, https:\/\/mvngosportbranch.org\/wp-content\/uploads\/2019\/08\/mvngo-logo-bianco-OFF-32x32.jpg 32w, https:\/\/mvngosportbranch.org\/wp-content\/uploads\/2019\/08\/mvngo-logo-bianco-OFF-80x80.jpg 80w, https:\/\/mvngosportbranch.org\/wp-content\/uploads\/2019\/08\/mvngo-logo-bianco-OFF-356x356.jpg 356w, https:\/\/mvngosportbranch.org\/wp-content\/uploads\/2019\/08\/mvngo-logo-bianco-OFF-470x470.jpg 470w, https:\/\/mvngosportbranch.org\/wp-content\/uploads\/2019\/08\/mvngo-logo-bianco-OFF-70x70.jpg 70w, https:\/\/mvngosportbranch.org\/wp-content\/uploads\/2019\/08\/mvngo-logo-bianco-OFF-100x100.jpg 100w, https:\/\/mvngosportbranch.org\/wp-content\/uploads\/2019\/08\/mvngo-logo-bianco-OFF-40x40.jpg 40w, https:\/\/mvngosportbranch.org\/wp-content\/uploads\/2019\/08\/mvngo-logo-bianco-OFF-600x600.jpg 600w, https:\/\/mvngosportbranch.org\/wp-content\/uploads\/2019\/08\/mvngo-logo-bianco-OFF.jpg 800w\" sizes=\"(max-width: 150px) 100vw, 150px\" \/>\t\t\t\t\t\t\t\t\t\t\t\t\t\t\t<\/div>\n\t\t\t\t<\/div>\n\t\t\t\t<div class=\"elementor-element elementor-element-462d55a elementor-widget elementor-widget-image\" data-id=\"462d55a\" data-element_type=\"widget\" data-e-type=\"widget\" data-widget_type=\"image.default\">\n\t\t\t\t<div class=\"elementor-widget-container\">\n\t\t\t\t\t\t\t\t\t\t\t\t\t\t\t<img decoding=\"async\" width=\"150\" height=\"150\" src=\"https:\/\/mvngosportbranch.org\/wp-content\/uploads\/2019\/08\/220px-Escudo_de_la_Universidad_de_Extremadura-150x150.png\" class=\"attachment-thumbnail size-thumbnail wp-image-2882\" alt=\"\" srcset=\"https:\/\/mvngosportbranch.org\/wp-content\/uploads\/2019\/08\/220px-Escudo_de_la_Universidad_de_Extremadura-150x150.png 150w, https:\/\/mvngosportbranch.org\/wp-content\/uploads\/2019\/08\/220px-Escudo_de_la_Universidad_de_Extremadura-128x128.png 128w, https:\/\/mvngosportbranch.org\/wp-content\/uploads\/2019\/08\/220px-Escudo_de_la_Universidad_de_Extremadura-32x32.png 32w, https:\/\/mvngosportbranch.org\/wp-content\/uploads\/2019\/08\/220px-Escudo_de_la_Universidad_de_Extremadura-80x80.png 80w, https:\/\/mvngosportbranch.org\/wp-content\/uploads\/2019\/08\/220px-Escudo_de_la_Universidad_de_Extremadura.png 220w, https:\/\/mvngosportbranch.org\/wp-content\/uploads\/2019\/08\/220px-Escudo_de_la_Universidad_de_Extremadura-70x70.png 70w, https:\/\/mvngosportbranch.org\/wp-content\/uploads\/2019\/08\/220px-Escudo_de_la_Universidad_de_Extremadura-100x100.png 100w, https:\/\/mvngosportbranch.org\/wp-content\/uploads\/2019\/08\/220px-Escudo_de_la_Universidad_de_Extremadura-40x40.png 40w\" sizes=\"(max-width: 150px) 100vw, 150px\" \/>\t\t\t\t\t\t\t\t\t\t\t\t\t\t\t<\/div>\n\t\t\t\t<\/div>\n\t\t\t\t<div class=\"elementor-element elementor-element-86085df elementor-widget elementor-widget-image\" data-id=\"86085df\" data-element_type=\"widget\" data-e-type=\"widget\" data-widget_type=\"image.default\">\n\t\t\t\t<div class=\"elementor-widget-container\">\n\t\t\t\t\t\t\t\t\t\t\t\t\t\t\t<img decoding=\"async\" width=\"150\" height=\"150\" src=\"https:\/\/mvngosportbranch.org\/wp-content\/uploads\/2020\/04\/TXvgcoDT-150x150.jpg\" class=\"attachment-thumbnail size-thumbnail wp-image-3375\" alt=\"\" srcset=\"https:\/\/mvngosportbranch.org\/wp-content\/uploads\/2020\/04\/TXvgcoDT-150x150.jpg 150w, https:\/\/mvngosportbranch.org\/wp-content\/uploads\/2020\/04\/TXvgcoDT-300x300.jpg 300w, https:\/\/mvngosportbranch.org\/wp-content\/uploads\/2020\/04\/TXvgcoDT-128x128.jpg 128w, https:\/\/mvngosportbranch.org\/wp-content\/uploads\/2020\/04\/TXvgcoDT-32x32.jpg 32w, https:\/\/mvngosportbranch.org\/wp-content\/uploads\/2020\/04\/TXvgcoDT.jpg 512w\" sizes=\"(max-width: 150px) 100vw, 150px\" \/>\t\t\t\t\t\t\t\t\t\t\t\t\t\t\t<\/div>\n\t\t\t\t<\/div>\n\t\t\t\t<div class=\"elementor-element elementor-element-95c344a elementor-widget elementor-widget-image\" data-id=\"95c344a\" data-element_type=\"widget\" data-e-type=\"widget\" data-widget_type=\"image.default\">\n\t\t\t\t<div class=\"elementor-widget-container\">\n\t\t\t\t\t\t\t\t\t\t\t\t\t\t\t<img loading=\"lazy\" decoding=\"async\" width=\"150\" height=\"150\" src=\"https:\/\/mvngosportbranch.org\/wp-content\/uploads\/2019\/07\/23223004_320635101739535_1281772077_o-150x150.png\" class=\"attachment-thumbnail size-thumbnail wp-image-2256\" alt=\"\" srcset=\"https:\/\/mvngosportbranch.org\/wp-content\/uploads\/2019\/07\/23223004_320635101739535_1281772077_o-150x150.png 150w, https:\/\/mvngosportbranch.org\/wp-content\/uploads\/2019\/07\/23223004_320635101739535_1281772077_o-300x300.png 300w, https:\/\/mvngosportbranch.org\/wp-content\/uploads\/2019\/07\/23223004_320635101739535_1281772077_o-80x80.png 80w, https:\/\/mvngosportbranch.org\/wp-content\/uploads\/2019\/07\/23223004_320635101739535_1281772077_o-40x40.png 40w, https:\/\/mvngosportbranch.org\/wp-content\/uploads\/2019\/07\/23223004_320635101739535_1281772077_o-100x100.png 100w\" sizes=\"(max-width: 150px) 100vw, 150px\" \/>\t\t\t\t\t\t\t\t\t\t\t\t\t\t\t<\/div>\n\t\t\t\t<\/div>\n\t\t\t\t<div class=\"elementor-element elementor-element-fe0591d elementor-widget elementor-widget-image\" data-id=\"fe0591d\" data-element_type=\"widget\" data-e-type=\"widget\" data-widget_type=\"image.default\">\n\t\t\t\t<div class=\"elementor-widget-container\">\n\t\t\t\t\t\t\t\t\t\t\t\t\t\t\t<img loading=\"lazy\" decoding=\"async\" width=\"150\" height=\"150\" src=\"https:\/\/mvngosportbranch.org\/wp-content\/uploads\/2019\/07\/ARBS-ENG-Krug2-300x300-150x150.png\" class=\"attachment-thumbnail size-thumbnail wp-image-2260\" alt=\"\" srcset=\"https:\/\/mvngosportbranch.org\/wp-content\/uploads\/2019\/07\/ARBS-ENG-Krug2-300x300-150x150.png 150w, https:\/\/mvngosportbranch.org\/wp-content\/uploads\/2019\/07\/ARBS-ENG-Krug2-300x300-128x128.png 128w, https:\/\/mvngosportbranch.org\/wp-content\/uploads\/2019\/07\/ARBS-ENG-Krug2-300x300-32x32.png 32w, https:\/\/mvngosportbranch.org\/wp-content\/uploads\/2019\/07\/ARBS-ENG-Krug2-300x300-80x80.png 80w, https:\/\/mvngosportbranch.org\/wp-content\/uploads\/2019\/07\/ARBS-ENG-Krug2-300x300-70x70.png 70w, https:\/\/mvngosportbranch.org\/wp-content\/uploads\/2019\/07\/ARBS-ENG-Krug2-300x300-100x100.png 100w, https:\/\/mvngosportbranch.org\/wp-content\/uploads\/2019\/07\/ARBS-ENG-Krug2-300x300-40x40.png 40w, https:\/\/mvngosportbranch.org\/wp-content\/uploads\/2019\/07\/ARBS-ENG-Krug2-300x300.png 300w\" sizes=\"(max-width: 150px) 100vw, 150px\" \/>\t\t\t\t\t\t\t\t\t\t\t\t\t\t\t<\/div>\n\t\t\t\t<\/div>\n\t\t\t\t<div class=\"elementor-element elementor-element-7568543 elementor-widget elementor-widget-image\" data-id=\"7568543\" data-element_type=\"widget\" data-e-type=\"widget\" data-widget_type=\"image.default\">\n\t\t\t\t<div class=\"elementor-widget-container\">\n\t\t\t\t\t\t\t\t\t\t\t\t\t\t\t<img loading=\"lazy\" decoding=\"async\" width=\"150\" height=\"150\" src=\"https:\/\/mvngosportbranch.org\/wp-content\/uploads\/2019\/07\/b91283_4653c70e080046daacd76de8a85c66cc_mv2-150x150.png\" class=\"attachment-thumbnail size-thumbnail wp-image-2261\" alt=\"\" srcset=\"https:\/\/mvngosportbranch.org\/wp-content\/uploads\/2019\/07\/b91283_4653c70e080046daacd76de8a85c66cc_mv2-150x150.png 150w, https:\/\/mvngosportbranch.org\/wp-content\/uploads\/2019\/07\/b91283_4653c70e080046daacd76de8a85c66cc_mv2-300x300.png 300w, https:\/\/mvngosportbranch.org\/wp-content\/uploads\/2019\/07\/b91283_4653c70e080046daacd76de8a85c66cc_mv2-128x128.png 128w, https:\/\/mvngosportbranch.org\/wp-content\/uploads\/2019\/07\/b91283_4653c70e080046daacd76de8a85c66cc_mv2-32x32.png 32w, https:\/\/mvngosportbranch.org\/wp-content\/uploads\/2019\/07\/b91283_4653c70e080046daacd76de8a85c66cc_mv2-80x80.png 80w, https:\/\/mvngosportbranch.org\/wp-content\/uploads\/2019\/07\/b91283_4653c70e080046daacd76de8a85c66cc_mv2-356x356.png 356w, https:\/\/mvngosportbranch.org\/wp-content\/uploads\/2019\/07\/b91283_4653c70e080046daacd76de8a85c66cc_mv2-470x470.png 470w, https:\/\/mvngosportbranch.org\/wp-content\/uploads\/2019\/07\/b91283_4653c70e080046daacd76de8a85c66cc_mv2-70x70.png 70w, https:\/\/mvngosportbranch.org\/wp-content\/uploads\/2019\/07\/b91283_4653c70e080046daacd76de8a85c66cc_mv2-100x100.png 100w, https:\/\/mvngosportbranch.org\/wp-content\/uploads\/2019\/07\/b91283_4653c70e080046daacd76de8a85c66cc_mv2-40x40.png 40w, https:\/\/mvngosportbranch.org\/wp-content\/uploads\/2019\/07\/b91283_4653c70e080046daacd76de8a85c66cc_mv2.png 500w\" sizes=\"(max-width: 150px) 100vw, 150px\" \/>\t\t\t\t\t\t\t\t\t\t\t\t\t\t\t<\/div>\n\t\t\t\t<\/div>\n\t\t\t\t<div class=\"elementor-element elementor-element-acb1ac4 elementor-widget elementor-widget-image\" data-id=\"acb1ac4\" data-element_type=\"widget\" data-e-type=\"widget\" data-widget_type=\"image.default\">\n\t\t\t\t<div class=\"elementor-widget-container\">\n\t\t\t\t\t\t\t\t\t\t\t\t\t\t\t<img loading=\"lazy\" decoding=\"async\" width=\"150\" height=\"76\" src=\"https:\/\/mvngosportbranch.org\/wp-content\/uploads\/2019\/08\/Immagineddd-150x76.png\" class=\"attachment-thumbnail size-thumbnail wp-image-2887\" alt=\"\" srcset=\"https:\/\/mvngosportbranch.org\/wp-content\/uploads\/2019\/08\/Immagineddd-150x76.png 150w, https:\/\/mvngosportbranch.org\/wp-content\/uploads\/2019\/08\/Immagineddd-32x15.png 32w\" sizes=\"(max-width: 150px) 100vw, 150px\" \/>\t\t\t\t\t\t\t\t\t\t\t\t\t\t\t<\/div>\n\t\t\t\t<\/div>\n\t\t\t\t<div class=\"elementor-element elementor-element-ae4c14e elementor-widget elementor-widget-image\" data-id=\"ae4c14e\" data-element_type=\"widget\" data-e-type=\"widget\" data-widget_type=\"image.default\">\n\t\t\t\t<div class=\"elementor-widget-container\">\n\t\t\t\t\t\t\t\t\t\t\t\t\t\t\t<img loading=\"lazy\" decoding=\"async\" width=\"150\" height=\"150\" src=\"https:\/\/mvngosportbranch.org\/wp-content\/uploads\/2019\/08\/download-150x150.png\" class=\"attachment-thumbnail size-thumbnail wp-image-2883\" alt=\"\" srcset=\"https:\/\/mvngosportbranch.org\/wp-content\/uploads\/2019\/08\/download-150x150.png 150w, https:\/\/mvngosportbranch.org\/wp-content\/uploads\/2019\/08\/download-128x128.png 128w, https:\/\/mvngosportbranch.org\/wp-content\/uploads\/2019\/08\/download-32x32.png 32w, https:\/\/mvngosportbranch.org\/wp-content\/uploads\/2019\/08\/download-80x80.png 80w, https:\/\/mvngosportbranch.org\/wp-content\/uploads\/2019\/08\/download-70x70.png 70w, https:\/\/mvngosportbranch.org\/wp-content\/uploads\/2019\/08\/download-100x100.png 100w, https:\/\/mvngosportbranch.org\/wp-content\/uploads\/2019\/08\/download-40x40.png 40w, https:\/\/mvngosportbranch.org\/wp-content\/uploads\/2019\/08\/download.png 225w\" sizes=\"(max-width: 150px) 100vw, 150px\" \/>\t\t\t\t\t\t\t\t\t\t\t\t\t\t\t<\/div>\n\t\t\t\t<\/div>\n\t\t\t\t\t<\/div>\n\t\t<\/div>\n\t\t\t\t<div class=\"elementor-column elementor-col-50 elementor-top-column elementor-element elementor-element-2110aa4\" data-id=\"2110aa4\" data-element_type=\"column\" data-e-type=\"column\">\n\t\t\t<div class=\"elementor-widget-wrap elementor-element-populated\">\n\t\t\t\t\t\t<div class=\"elementor-element elementor-element-8163bc1 elementor-widget elementor-widget-text-editor\" data-id=\"8163bc1\" data-element_type=\"widget\" data-e-type=\"widget\" data-widget_type=\"text-editor.default\">\n\t\t\t\t<div class=\"elementor-widget-container\">\n\t\t\t\t\t\t\t\t\t<p style=\"text-align: center;\"><strong><span style=\"font-size: 12pt;\">Curricular pathways for migrants' empowerment through sport CPMES \u00e4r ett stort Erasmus+-projekt f\u00f6r idrottssamarbete som samordnas av Mine Vaganti NGO (budget 389 310,00 euro).<\/span><\/strong><\/p><p><span style=\"font-size: 12pt; color: #000000;\"><a style=\"color: #000000;\" href=\"http:\/\/www.mvngosportbranch.com\/wp-content\/uploads\/2020\/04\/CPMES-Logo.jpg\"><img loading=\"lazy\" decoding=\"async\" class=\"wp-image-3377 size-thumbnail aligncenter\" src=\"http:\/\/www.mvngosportbranch.com\/wp-content\/uploads\/2020\/04\/CPMES-Logo-150x150.jpg\" alt=\"\" width=\"150\" height=\"150\" srcset=\"https:\/\/mvngosportbranch.org\/wp-content\/uploads\/2020\/04\/CPMES-Logo-150x150.jpg 150w, https:\/\/mvngosportbranch.org\/wp-content\/uploads\/2020\/04\/CPMES-Logo-300x300.jpg 300w, https:\/\/mvngosportbranch.org\/wp-content\/uploads\/2020\/04\/CPMES-Logo-1024x1024.jpg 1024w, https:\/\/mvngosportbranch.org\/wp-content\/uploads\/2020\/04\/CPMES-Logo-768x768.jpg 768w, https:\/\/mvngosportbranch.org\/wp-content\/uploads\/2020\/04\/CPMES-Logo-128x128.jpg 128w, https:\/\/mvngosportbranch.org\/wp-content\/uploads\/2020\/04\/CPMES-Logo-32x32.jpg 32w, https:\/\/mvngosportbranch.org\/wp-content\/uploads\/2020\/04\/CPMES-Logo.jpg 1334w\" sizes=\"(max-width: 150px) 100vw, 150px\" \/><\/a><\/span><\/p><p style=\"text-align: center;\"><span style=\"font-size: 12pt;\">1. Fakulteten f\u00f6r idrottsvetenskap vid University of Extremadura (SP)<\/span><br \/><span style=\"font-size: 12pt;\">2. PAR Sport (Cro) <\/span><br \/><span style=\"font-size: 12pt;\">3. M\u00e4starnas fabrik (BG)<\/span><br \/><span style=\"font-size: 12pt;\">4. BulSport (BG)<\/span><br \/><span style=\"font-size: 12pt;\">5. Socialpolitik och \u00e5tg\u00e4rdsorganisation (CY)<\/span><br \/><span style=\"font-size: 12pt;\">6. College Wales (Storbritannien)<\/span><br \/><span style=\"font-size: 12pt;\">7. Ifall (SWE)<\/span><\/p><p><span style=\"font-size: 12pt;\">\"Curricular pathways for migrants' empowerment through Sport\" fokuserar p\u00e5 att anv\u00e4nda metoden utbildning genom idrott (ets) som ett verktyg f\u00f6r kompetensutveckling och l\u00e4roplansf\u00f6rb\u00e4ttring av idrottsakt\u00f6rer som arbetar p\u00e5 f\u00e4ltet med missgynnade m\u00e5l med invandrarbakgrund i perspektivet att fr\u00e4mja entrepren\u00f6rskap inom idrott av invandrare.<\/span><\/p><p style=\"text-align: center;\"><span style=\"font-size: 12pt;\"><strong>Arbetspaketen:<\/strong><\/span><\/p><p><span style=\"font-size: 12pt;\">1. Landsomfattande forskning som syftar till att identifiera befintliga behov av kompetensh\u00f6jning inom entrepren\u00f6rskap f\u00f6r invandrare p\u00e5 idrottsomr\u00e5det. Resultaten av forskningen kommer att integreras i en rapport om invandrares behov av kompetensh\u00f6jning inom idrott. .<\/span><\/p><p><span style=\"font-size: 12pt;\">2. Landsomfattande forskning f\u00f6r att identifiera det befintliga landskapet av yrkesprofiler f\u00f6r ets-utbildare som arbetar med att utveckla entrepren\u00f6rskompetenser inom idrott. Resultaten av forskningen kommer att integreras i en rapport om ets-profiler, inklusive en genomt\u00e4nkt bed\u00f6mning av potentiell integration, f\u00f6rb\u00e4ttringar och modifiering av f\u00e4rdigheter, kunskaper och metoder mot bakgrund av s\u00e4rdrag och behov hos invandrarm\u00e5let (som identifierats i 1).<\/span><\/p><p><span style=\"font-size: 12pt;\">3. Utarbetandet av ett diskret utbildningsformat f\u00f6r idrottsentrepren\u00f6rsutbildare som riktar sig till operat\u00f6rer som \u00e4r intresserade av entrepren\u00f6rsutbildning inom idrott av migranter genom ets. Formatet kommer att testas inom ramen f\u00f6r en pilot-tc som involverar 5 sportoperat\u00f6rer som arbetar med migranter per partnerorganisation. Metoderna och resultaten av utbildningen kommer att utg\u00f6ra en del av en \"handbok f\u00f6r utveckling av ets utbildningsprofiler\" som fungerar som en metodologisk resurs f\u00f6r ngos, operat\u00f6rer och intressenter som \u00e4r intresserade av utvecklingen av n\u00e4mnda profiler.<\/span><\/p><p><span style=\"font-size: 12pt;\">4. Genomf\u00f6rande av en fas med lokala aktiviteter i varje partnerland d\u00e4r de operat\u00f6rer som utbildats i tc kommer att genomf\u00f6ra entrepren\u00f6rskapsprogram baserade p\u00e5 ets med en publik p\u00e5 20 lokalt mottagna migranter. Partnerorganisationer kommer att sammanfatta metoderna, aktiviteterna och resultaten av processen i en digital sj\u00e4lvl\u00e4rande v\u00e4g f\u00f6r migranter som \u00e4r intresserade av att f\u00f6rv\u00e4rva sportentrepren\u00f6rskapsf\u00e4rdigheter, som kommer att produceras p\u00e5 flera spr\u00e5k (engelska plus alla partners spr\u00e5k) och integreras p\u00e5 projektets webbplattform som en oer.<\/span><\/p><p><span style=\"font-size: 12pt;\">5. Inr\u00e4ttandet av en webbplattform med \u00f6ppen \u00e5tkomst som integrerar genv\u00e4gar till det utbildningsinneh\u00e5ll som producerats (handbok f\u00f6r utveckling av ets utbildningsprofiler). Webbplattformen kommer ocks\u00e5 att integrera en flerspr\u00e5kig sj\u00e4lvl\u00e4rande v\u00e4g f\u00f6r migranter som \u00e4r intresserade av att utveckla entrepren\u00f6rsf\u00e4rdigheter i<\/span><span style=\"font-size: 12pt;\"> sport<\/span><span style=\"font-size: 12pt; color: #000000;\">.<\/span><\/p>\t\t\t\t\t\t\t\t<\/div>\n\t\t\t\t<\/div>\n\t\t\t\t\t<\/div>\n\t\t<\/div>\n\t\t\t\t\t<\/div>\n\t\t<\/section>\n\t\t\t\t<\/div>","protected":false},"excerpt":{"rendered":"<p>MVNGO SPORT BRANCH CPMES LAST PROJECT Curricular pathways for migrants\u2019 empowerment through sport CPMES is a Big Collaborative Sport Erasmus+ [&hellip;]<\/p>\n","protected":false},"author":1,"featured_media":0,"parent":0,"menu_order":0,"comment_status":"closed","ping_status":"closed","template":"","meta":{"inline_featured_image":false,"ocean_post_layout":"","ocean_both_sidebars_style":"","ocean_both_sidebars_content_width":0,"ocean_both_sidebars_sidebars_width":0,"ocean_sidebar":"0","ocean_second_sidebar":"0","ocean_disable_margins":"enable","ocean_add_body_class":"","ocean_shortcode_before_top_bar":"","ocean_shortcode_after_top_bar":"","ocean_shortcode_before_header":"","ocean_shortcode_after_header":"","ocean_has_shortcode":"","ocean_shortcode_after_title":"","ocean_shortcode_before_footer_widgets":"","ocean_shortcode_after_footer_widgets":"","ocean_shortcode_before_footer_bottom":"","ocean_shortcode_after_footer_bottom":"","ocean_display_top_bar":"default","ocean_display_header":"default","ocean_header_style":"","ocean_center_header_left_menu":"0","ocean_custom_header_template":"0","ocean_custom_logo":0,"ocean_custom_retina_logo":0,"ocean_custom_logo_max_width":0,"ocean_custom_logo_tablet_max_width":0,"ocean_custom_logo_mobile_max_width":0,"ocean_custom_logo_max_height":0,"ocean_custom_logo_tablet_max_height":0,"ocean_custom_logo_mobile_max_height":0,"ocean_header_custom_menu":"0","ocean_menu_typo_font_family":"0","ocean_menu_typo_font_subset":"","ocean_menu_typo_font_size":0,"ocean_menu_typo_font_size_tablet":0,"ocean_menu_typo_font_size_mobile":0,"ocean_menu_typo_font_size_unit":"px","ocean_menu_typo_font_weight":"","ocean_menu_typo_font_weight_tablet":"","ocean_menu_typo_font_weight_mobile":"","ocean_menu_typo_transform":"","ocean_menu_typo_transform_tablet":"","ocean_menu_typo_transform_mobile":"","ocean_menu_typo_line_height":0,"ocean_menu_typo_line_height_tablet":0,"ocean_menu_typo_line_height_mobile":0,"ocean_menu_typo_line_height_unit":"","ocean_menu_typo_spacing":0,"ocean_menu_typo_spacing_tablet":0,"ocean_menu_typo_spacing_mobile":0,"ocean_menu_typo_spacing_unit":"","ocean_menu_link_color":"","ocean_menu_link_color_hover":"","ocean_menu_link_color_active":"","ocean_menu_link_background":"","ocean_menu_link_hover_background":"","ocean_menu_link_active_background":"","ocean_menu_social_links_bg":"","ocean_menu_social_hover_links_bg":"","ocean_menu_social_links_color":"","ocean_menu_social_hover_links_color":"","ocean_disable_title":"default","ocean_disable_heading":"default","ocean_post_title":"","ocean_post_subheading":"","ocean_post_title_style":"","ocean_post_title_background_color":"","ocean_post_title_background":0,"ocean_post_title_bg_image_position":"","ocean_post_title_bg_image_attachment":"","ocean_post_title_bg_image_repeat":"","ocean_post_title_bg_image_size":"","ocean_post_title_height":0,"ocean_post_title_bg_overlay":0.5,"ocean_post_title_bg_overlay_color":"","ocean_disable_breadcrumbs":"default","ocean_breadcrumbs_color":"","ocean_breadcrumbs_separator_color":"","ocean_breadcrumbs_links_color":"","ocean_breadcrumbs_links_hover_color":"","ocean_display_footer_widgets":"default","ocean_display_footer_bottom":"default","ocean_custom_footer_template":"0","footnotes":""},"categories":[],"tags":[],"class_list":["post-5400","page","type-page","status-publish","hentry","entry"],"_links":{"self":[{"href":"https:\/\/mvngosportbranch.org\/sv\/wp-json\/wp\/v2\/pages\/5400","targetHints":{"allow":["GET"]}}],"collection":[{"href":"https:\/\/mvngosportbranch.org\/sv\/wp-json\/wp\/v2\/pages"}],"about":[{"href":"https:\/\/mvngosportbranch.org\/sv\/wp-json\/wp\/v2\/types\/page"}],"author":[{"embeddable":true,"href":"https:\/\/mvngosportbranch.org\/sv\/wp-json\/wp\/v2\/users\/1"}],"replies":[{"embeddable":true,"href":"https:\/\/mvngosportbranch.org\/sv\/wp-json\/wp\/v2\/comments?post=5400"}],"version-history":[{"count":0,"href":"https:\/\/mvngosportbranch.org\/sv\/wp-json\/wp\/v2\/pages\/5400\/revisions"}],"wp:attachment":[{"href":"https:\/\/mvngosportbranch.org\/sv\/wp-json\/wp\/v2\/media?parent=5400"}],"wp:term":[{"taxonomy":"category","embeddable":true,"href":"https:\/\/mvngosportbranch.org\/sv\/wp-json\/wp\/v2\/categories?post=5400"},{"taxonomy":"post_tag","embeddable":true,"href":"https:\/\/mvngosportbranch.org\/sv\/wp-json\/wp\/v2\/tags?post=5400"}],"curies":[{"name":"wp","href":"https:\/\/api.w.org\/{rel}","templated":true}]}}