{"id":5463,"date":"2021-11-28T22:21:57","date_gmt":"2021-11-28T22:21:57","guid":{"rendered":"https:\/\/mvngosportbranch.org\/?page_id=5463"},"modified":"2021-12-02T14:41:06","modified_gmt":"2021-12-02T14:41:06","slug":"background-information","status":"publish","type":"page","link":"https:\/\/mvngosportbranch.org\/sv\/cpmes\/cpmes-international-conference\/background-information\/","title":{"rendered":"Bakgrundsinformation"},"content":{"rendered":"<div data-elementor-type=\"wp-page\" data-elementor-id=\"5463\" class=\"elementor elementor-5463\">\n\t\t\t\t\t\t<section class=\"elementor-section elementor-top-section elementor-element elementor-element-b495849 elementor-section-boxed elementor-section-height-default elementor-section-height-default\" data-id=\"b495849\" data-element_type=\"section\" data-e-type=\"section\">\n\t\t\t\t\t\t<div class=\"elementor-container elementor-column-gap-default\">\n\t\t\t\t\t<div class=\"elementor-column elementor-col-100 elementor-top-column elementor-element elementor-element-e178e88\" data-id=\"e178e88\" data-element_type=\"column\" data-e-type=\"column\">\n\t\t\t<div class=\"elementor-widget-wrap elementor-element-populated\">\n\t\t\t\t\t\t<div class=\"elementor-element elementor-element-a5f697e elementor-widget elementor-widget-menu-anchor\" data-id=\"a5f697e\" data-element_type=\"widget\" data-e-type=\"widget\" data-widget_type=\"menu-anchor.default\">\n\t\t\t\t<div class=\"elementor-widget-container\">\n\t\t\t\t\t\t\t<div class=\"elementor-menu-anchor\" id=\"info\"><\/div>\n\t\t\t\t\t\t<\/div>\n\t\t\t\t<\/div>\n\t\t\t\t\t<\/div>\n\t\t<\/div>\n\t\t\t\t\t<\/div>\n\t\t<\/section>\n\t\t\t\t<section class=\"elementor-section elementor-top-section elementor-element elementor-element-cb0d848 elementor-section-boxed elementor-section-height-default elementor-section-height-default\" data-id=\"cb0d848\" data-element_type=\"section\" data-e-type=\"section\">\n\t\t\t\t\t\t<div class=\"elementor-container elementor-column-gap-default\">\n\t\t\t\t\t<div class=\"elementor-column elementor-col-100 elementor-top-column elementor-element elementor-element-6a450d1\" data-id=\"6a450d1\" data-element_type=\"column\" data-e-type=\"column\">\n\t\t\t<div class=\"elementor-widget-wrap elementor-element-populated\">\n\t\t\t\t\t\t<div class=\"elementor-element elementor-element-e23baca elementor-widget elementor-widget-toggle\" data-id=\"e23baca\" data-element_type=\"widget\" data-e-type=\"widget\" data-widget_type=\"toggle.default\">\n\t\t\t\t<div class=\"elementor-widget-container\">\n\t\t\t\t\t\t\t<div class=\"elementor-toggle\">\n\t\t\t\t\t\t\t<div class=\"elementor-toggle-item\">\n\t\t\t\t\t<div id=\"elementor-tab-title-2371\" class=\"elementor-tab-title\" data-tab=\"1\" role=\"button\" aria-controls=\"elementor-tab-content-2371\" aria-expanded=\"false\">\n\t\t\t\t\t\t\t\t\t\t\t\t<span class=\"elementor-toggle-icon elementor-toggle-icon-left\" aria-hidden=\"true\">\n\t\t\t\t\t\t\t\t\t\t\t\t\t\t\t<span class=\"elementor-toggle-icon-closed\"><i class=\"fas fa-caret-right\"><\/i><\/span>\n\t\t\t\t\t\t\t\t<span class=\"elementor-toggle-icon-opened\"><i class=\"elementor-toggle-icon-opened fas fa-caret-up\"><\/i><\/span>\n\t\t\t\t\t\t\t\t\t\t\t\t\t<\/span>\n\t\t\t\t\t\t\t\t\t\t\t\t<a class=\"elementor-toggle-title\" tabindex=\"0\">CPMES-projektet<\/a>\n\t\t\t\t\t<\/div>\n\n\t\t\t\t\t<div id=\"elementor-tab-content-2371\" class=\"elementor-tab-content elementor-clearfix\" data-tab=\"1\" role=\"region\" aria-labelledby=\"elementor-tab-title-2371\"><p style=\"text-align: justify;\"><strong>L\u00e4roplaner f\u00f6r migranters egenmakt genom idrott<\/strong> (CPMES) \u00e4r ett projekt som samfinansieras av European Education, Audiovisual and Culture Executive Agency (EACEA) - som fokuserar p\u00e5 att anv\u00e4nda metoden Education Through Sport (ETS) som ett verktyg f\u00f6r kompetensutveckling och l\u00e4roplansf\u00f6rb\u00e4ttring av idrottsledare och tr\u00e4nare som arbetar inom omr\u00e5det med missgynnade m\u00e5lgrupper med invandrarbakgrund i perspektivet att fr\u00e4mja integration och lika m\u00f6jligheter i s\u00e5v\u00e4l som genom idrott f\u00f6r migranter.<\/p>\n<p style=\"text-align: justify;\">CPMES str\u00e4var efter f\u00f6ljande specifika m\u00e5l <strong>Samarbetspartnerskapets prioriteringar f\u00f6r Erasmus Plus<\/strong> som r\u00f6r uppmuntran till social integration och lika m\u00f6jligheter inom idrotten, och syftar till att svara p\u00e5 utmaningen med social utest\u00e4ngning av invandrare i Europa. Ett s\u00e4rskilt fokus riktas mot den tvingande fr\u00e5gan om systematisk underrepresentation av invandrare i icke-spelande roller inom idrottsklubbar och organisationer.<\/p><\/div>\n\t\t\t\t<\/div>\n\t\t\t\t\t\t\t<div class=\"elementor-toggle-item\">\n\t\t\t\t\t<div id=\"elementor-tab-title-2372\" class=\"elementor-tab-title\" data-tab=\"2\" role=\"button\" aria-controls=\"elementor-tab-content-2372\" aria-expanded=\"false\">\n\t\t\t\t\t\t\t\t\t\t\t\t<span class=\"elementor-toggle-icon elementor-toggle-icon-left\" aria-hidden=\"true\">\n\t\t\t\t\t\t\t\t\t\t\t\t\t\t\t<span class=\"elementor-toggle-icon-closed\"><i class=\"fas fa-caret-right\"><\/i><\/span>\n\t\t\t\t\t\t\t\t<span class=\"elementor-toggle-icon-opened\"><i class=\"elementor-toggle-icon-opened fas fa-caret-up\"><\/i><\/span>\n\t\t\t\t\t\t\t\t\t\t\t\t\t<\/span>\n\t\t\t\t\t\t\t\t\t\t\t\t<a class=\"elementor-toggle-title\" tabindex=\"0\">M\u00e5l f\u00f6r konferensen<\/a>\n\t\t\t\t\t<\/div>\n\n\t\t\t\t\t<div id=\"elementor-tab-content-2372\" class=\"elementor-tab-content elementor-clearfix\" data-tab=\"2\" role=\"region\" aria-labelledby=\"elementor-tab-title-2372\"><p style=\"text-align: justify;\">CPMES fr\u00e4mjar den europeiska dimensionen av den identifierade gr\u00e4ns\u00f6verskridande utmaningen (underrepresentationen av invandrare i ansvarspositioner inom idrottsomr\u00e5det) genom att producera <strong>Utbildningsplaner och moduler f\u00f6r kompetensh\u00f6jning av befintliga idrottsoperat\u00f6rer.<\/strong> (Tr\u00e4nare och utbildare) som arbetar med invandrargruppen mot anpassade profiler f\u00f6r Sport Management-utbildare som st\u00f6der <strong>Migranter i utvecklingen av sportchefsprofiler<\/strong> genom att ta itu med de begr\u00e4nsningar och utmaningar som migranter st\u00e4lls inf\u00f6r n\u00e4r det g\u00e4ller att f\u00e5 tillg\u00e5ng till en s\u00e5dan position genom utbildning.<\/p>\n<p style=\"text-align: justify;\">D\u00e4rf\u00f6r str\u00e4var CPMES-konferensen efter att sammanf\u00f6ra alla parter och intressenter en internationell publik av intressenter och experter inom idrott, migranter, utbildning och allm\u00e4nheten. - att presentera och debattera CMPES-projektets resultat och metoder; engagera sig i en uppf\u00f6ljning - av kritisk samh\u00e4llelig betydelse i EU.<\/p><\/div>\n\t\t\t\t<\/div>\n\t\t\t\t\t\t\t\t<\/div>\n\t\t\t\t\t\t<\/div>\n\t\t\t\t<\/div>\n\t\t\t\t<div class=\"elementor-element elementor-element-dd2e58f elementor-widget elementor-widget-heading\" data-id=\"dd2e58f\" data-element_type=\"widget\" data-e-type=\"widget\" data-widget_type=\"heading.default\">\n\t\t\t\t<div class=\"elementor-widget-container\">\n\t\t\t\t\t<h2 class=\"elementor-heading-title elementor-size-large\">\u00c4mnen f\u00f6r konferensen<\/h2>\t\t\t\t<\/div>\n\t\t\t\t<\/div>\n\t\t\t\t<div class=\"elementor-element elementor-element-424d933 elementor-widget elementor-widget-text-editor\" data-id=\"424d933\" data-element_type=\"widget\" data-e-type=\"widget\" data-widget_type=\"text-editor.default\">\n\t\t\t\t<div class=\"elementor-widget-container\">\n\t\t\t\t\t\t\t\t\t<p class=\"MsoNormal\" style=\"margin-bottom: 0cm; text-align: justify; mso-layout-grid-align: none; text-autospace: none;\"><span lang=\"EN-US\" style=\"font-size: 11pt; line-height: 107%;\">Som en viktig dimension i projektets europeiska merv\u00e4rde \u00e4r inb\u00e4ddningen av en <b>strategi f\u00f6r transnationell och sektors\u00f6vergripande forskning<\/b> om migranters och l\u00e4rares behov av kompetensutveckling, kommer konferensen att visa<\/span><\/p>\t\t\t\t\t\t\t\t<\/div>\n\t\t\t\t<\/div>\n\t\t\t\t<div class=\"elementor-element elementor-element-8557c03 elementor-tabs-view-horizontal elementor-widget elementor-widget-tabs\" data-id=\"8557c03\" data-element_type=\"widget\" data-e-type=\"widget\" data-widget_type=\"tabs.default\">\n\t\t\t\t<div class=\"elementor-widget-container\">\n\t\t\t\t\t\t\t<div class=\"elementor-tabs\">\n\t\t\t<div class=\"elementor-tabs-wrapper\" role=\"tablist\" >\n\t\t\t\t\t\t\t\t\t<div id=\"elementor-tab-title-1391\" class=\"elementor-tab-title elementor-tab-desktop-title\" aria-selected=\"true\" data-tab=\"1\" role=\"tab\" tabindex=\"0\" aria-controls=\"elementor-tab-content-1391\" aria-expanded=\"false\">Idrott och integration<\/div>\n\t\t\t\t\t\t\t\t\t<div id=\"elementor-tab-title-1392\" class=\"elementor-tab-title elementor-tab-desktop-title\" aria-selected=\"false\" data-tab=\"2\" role=\"tab\" tabindex=\"-1\" aria-controls=\"elementor-tab-content-1392\" aria-expanded=\"false\">Social forskning om sport management<\/div>\n\t\t\t\t\t\t\t\t\t<div id=\"elementor-tab-title-1393\" class=\"elementor-tab-title elementor-tab-desktop-title\" aria-selected=\"false\" data-tab=\"3\" role=\"tab\" tabindex=\"-1\" aria-controls=\"elementor-tab-content-1393\" aria-expanded=\"false\">ETS-metodik mot en omfattande modell med allm\u00e4n till\u00e4mpbarhet<\/div>\n\t\t\t\t\t\t\t\t\t<div id=\"elementor-tab-title-1394\" class=\"elementor-tab-title elementor-tab-desktop-title\" aria-selected=\"false\" data-tab=\"4\" role=\"tab\" tabindex=\"-1\" aria-controls=\"elementor-tab-content-1394\" aria-expanded=\"false\">En dubbel karri\u00e4rv\u00e4g f\u00f6r professionella och semiprofessionella idrottsut\u00f6vare<\/div>\n\t\t\t\t\t\t\t<\/div>\n\t\t\t<div class=\"elementor-tabs-content-wrapper\" role=\"tablist\" aria-orientation=\"vertical\">\n\t\t\t\t\t\t\t\t\t<div class=\"elementor-tab-title elementor-tab-mobile-title\" aria-selected=\"true\" data-tab=\"1\" role=\"tab\" tabindex=\"0\" aria-controls=\"elementor-tab-content-1391\" aria-expanded=\"false\">Idrott och integration<\/div>\n\t\t\t\t\t<div id=\"elementor-tab-content-1391\" class=\"elementor-tab-content elementor-clearfix\" data-tab=\"1\" role=\"tabpanel\" aria-labelledby=\"elementor-tab-title-1391\" tabindex=\"0\" hidden=\"false\"><p style=\"text-align: justify;\">Som grund f\u00f6r ytterligare initiativ och politiska insatser p\u00e5 alla niv\u00e5er inom omr\u00e5det, visar EUROSTAT en bild av konsekventa skillnader mellan invandrare och lokalbefolkning n\u00e4r det g\u00e4ller tillg\u00e5ng till anst\u00e4llningsm\u00f6jligheter. Dessutom har migranter i EU-28 en h\u00f6gre risk f\u00f6r fattigdom och social utslagning i f\u00f6rh\u00e5llande till medborgare. P\u00e5 idrottsomr\u00e5det \u00e4r underrepresentationen av invandrare s\u00e4rskilt tydlig och utmanande eftersom de utest\u00e4ngs fr\u00e5n maktpositioner och fr\u00e5n den \u00f6vergripande representationen i icke-spelande positioner.<\/p><p style=\"text-align: justify;\"><span style=\"font-size: 14px; color: var( --e-global-color-text );\">Att adressera och representera en<b> inkommande drivkraft f\u00f6r anpassning till nationella utmaningar och f\u00f6rh\u00e5llanden<\/b>CPMES-projektet byggde p\u00e5 tv\u00e5 olika tillv\u00e4gag\u00e5ngss\u00e4tt:<\/span><\/p><ul><li style=\"text-align: left;\">kompetensh\u00f6jningsprocessen f\u00f6r idrottsledare s\u00e5 att de kan bli l\u00e4mpliga mentorer f\u00f6r invandrares potentiella idrottsledare;<\/li><li style=\"text-align: left;\">erbjuda invandrare skr\u00e4ddarsydda lokala utbildningar f\u00f6r att f\u00f6rv\u00e4rva kompetens som \u00e4r relaterad till profilen sport manager<\/li><\/ul><\/div>\n\t\t\t\t\t\t\t\t\t<div class=\"elementor-tab-title elementor-tab-mobile-title\" aria-selected=\"false\" data-tab=\"2\" role=\"tab\" tabindex=\"-1\" aria-controls=\"elementor-tab-content-1392\" aria-expanded=\"false\">Social forskning om sport management<\/div>\n\t\t\t\t\t<div id=\"elementor-tab-content-1392\" class=\"elementor-tab-content elementor-clearfix\" data-tab=\"2\" role=\"tabpanel\" aria-labelledby=\"elementor-tab-title-1392\" tabindex=\"0\" hidden=\"hidden\"><p style=\"text-align: justify;\">Med hj\u00e4lp av forskning och aktiviteter utarbetade CPMES-projektet<b> rapporter<\/b> on Migrants' Upskilling Needs in Sport genom gr\u00e4ns\u00f6verskridande forskning och ETS-profiler, som inkluderar en genomt\u00e4nkt <b>bed\u00f6mning<\/b> om potentiell integration, f\u00f6rb\u00e4ttringar och modifiering av f\u00e4rdigheter, kunskaper och metoder mot bakgrund av invandrarnas s\u00e4rdrag och behov.<\/p><\/div>\n\t\t\t\t\t\t\t\t\t<div class=\"elementor-tab-title elementor-tab-mobile-title\" aria-selected=\"false\" data-tab=\"3\" role=\"tab\" tabindex=\"-1\" aria-controls=\"elementor-tab-content-1393\" aria-expanded=\"false\">ETS-metodik mot en omfattande modell med allm\u00e4n till\u00e4mpbarhet<\/div>\n\t\t\t\t\t<div id=\"elementor-tab-content-1393\" class=\"elementor-tab-content elementor-clearfix\" data-tab=\"3\" role=\"tabpanel\" aria-labelledby=\"elementor-tab-title-1393\" tabindex=\"0\" hidden=\"hidden\"><p style=\"text-align: justify;\">F\u00f6r att skapa en bredare anv\u00e4ndbarhet och effekt f\u00f6r migranter i hela Europa utarbetade CPMES-projektet:<\/p><ul><li style=\"text-align: justify;\">a <b>utbildningsformat<\/b> baserat p\u00e5 metoden Education Through Sport (ETS), riktat till akt\u00f6rer som \u00e4r intresserade av att utveckla profiler f\u00f6r migrerande idrottsledare.<\/li><li style=\"text-align: justify;\">a <b>handbok<\/b> som inneh\u00e5ller f\u00f6rberedelse- och bed\u00f6mningsmetoder relaterade till utbildningsformatet.<\/li><\/ul><\/div>\n\t\t\t\t\t\t\t\t\t<div class=\"elementor-tab-title elementor-tab-mobile-title\" aria-selected=\"false\" data-tab=\"4\" role=\"tab\" tabindex=\"-1\" aria-controls=\"elementor-tab-content-1394\" aria-expanded=\"false\">En dubbel karri\u00e4rv\u00e4g f\u00f6r professionella och semiprofessionella idrottsut\u00f6vare<\/div>\n\t\t\t\t\t<div id=\"elementor-tab-content-1394\" class=\"elementor-tab-content elementor-clearfix\" data-tab=\"4\" role=\"tabpanel\" aria-labelledby=\"elementor-tab-title-1394\" tabindex=\"0\" hidden=\"hidden\"><p style=\"text-align: justify;\">F\u00f6r att \u00f6ka anv\u00e4ndbarheten, relevansen och effekten av resultaten i en europeisk dimension utarbetade CPMES-projektet:<\/p><ul><li style=\"text-align: justify;\"><span style=\"font-size: 14px; color: var( --e-global-color-text );\">En aktivitetsplan som inneh\u00e5ller nationella strategier f\u00f6r att genomf\u00f6ra utbildningar som riktar sig till och involverar invandrare.<\/span><\/li><li style=\"text-align: justify;\"><span style=\"font-size: 14px; color: var( --e-global-color-text );\">Riktlinjer f\u00f6r idrottsenheter f\u00f6r arbetsrelaterad integration av invandrare som idrottsledare.<\/span><\/li><li style=\"text-align: justify;\"><span style=\"font-size: 14px; color: var( --e-global-color-text );\">En onlineplattform som erbjuder e-l\u00e4rande, fr\u00e4mjar individuell utbildning f\u00f6r invandrares potential som idrottsledare (dvs. administration, personalf\u00f6rvaltning, skapande av digitalt inneh\u00e5ll, ledning av idrottsevenemang, marknadsf\u00f6ring och kommunikation, finansiella strategier och god samh\u00e4llsstyrning).<\/span><\/li><\/ul><p style=\"text-align: justify;\">Teman och fall inom dessa \u00e4mnen kommer att diskuteras ur olika synvinklar, inklusive f\u00f6rv\u00e4ntade samh\u00e4lleliga och ekonomiska f\u00f6rdelar, etik, allm\u00e4nhetens uppfattningar och engagemang samt regelverket. Konferensen kommer att behandla de fyra huvudtemana i plenarsessioner d\u00e4r huvudtalare kommer att presentera utmanande \u00e5sikter och innovativa verktyg. Mellan plenarsessionerna kommer det att finnas m\u00f6jlighet att n\u00e4tverka. Internationella huvudtalare kommer att presentera sina erfarenheter, sin forskning och sina visioner, som i sin tur kommer att utmanas av CPMES-partnerna och\/eller deltagarnas engagemang under sessionerna.<\/p><\/div>\n\t\t\t\t\t\t\t<\/div>\n\t\t<\/div>\n\t\t\t\t\t\t<\/div>\n\t\t\t\t<\/div>\n\t\t\t\t<div class=\"elementor-element elementor-element-cacfbc3 elementor-widget elementor-widget-toggle\" data-id=\"cacfbc3\" data-element_type=\"widget\" data-e-type=\"widget\" data-widget_type=\"toggle.default\">\n\t\t\t\t<div class=\"elementor-widget-container\">\n\t\t\t\t\t\t\t<div class=\"elementor-toggle\">\n\t\t\t\t\t\t\t<div class=\"elementor-toggle-item\">\n\t\t\t\t\t<div id=\"elementor-tab-title-2121\" class=\"elementor-tab-title\" data-tab=\"1\" role=\"button\" aria-controls=\"elementor-tab-content-2121\" aria-expanded=\"false\">\n\t\t\t\t\t\t\t\t\t\t\t\t<span class=\"elementor-toggle-icon elementor-toggle-icon-left\" aria-hidden=\"true\">\n\t\t\t\t\t\t\t\t\t\t\t\t\t\t\t<span class=\"elementor-toggle-icon-closed\"><i class=\"fas fa-caret-right\"><\/i><\/span>\n\t\t\t\t\t\t\t\t<span class=\"elementor-toggle-icon-opened\"><i class=\"elementor-toggle-icon-opened fas fa-caret-up\"><\/i><\/span>\n\t\t\t\t\t\t\t\t\t\t\t\t\t<\/span>\n\t\t\t\t\t\t\t\t\t\t\t\t<a class=\"elementor-toggle-title\" tabindex=\"0\">Resultat fr\u00e5n konferensen<\/a>\n\t\t\t\t\t<\/div>\n\n\t\t\t\t\t<div id=\"elementor-tab-content-2121\" class=\"elementor-tab-content elementor-clearfix\" data-tab=\"1\" role=\"region\" aria-labelledby=\"elementor-tab-title-2121\"><ul style=\"list-style-type: circle;\"><li style=\"text-align: justify;\">Identifiering av viktiga problem och fr\u00e5gor. Dessa omfattar t.ex. etiska konsekvenser, milj\u00f6st\u00f6rningar, ekonomisk maktbalans, r\u00e4ttsliga konsekvenser, immateriella r\u00e4ttigheter, filosofiska och religi\u00f6sa \u00f6verv\u00e4ganden samt politiskt beslutsfattande.<\/li><li style=\"text-align: justify;\">Presentation av en flerspr\u00e5kig sj\u00e4lvl\u00e4rande kurs i sport management som \u00e4r direkt tillg\u00e4nglig f\u00f6r invandrare, f\u00f6r att fr\u00e4mja dimensionen av autonomt l\u00e4rande och d\u00e4rmed fungera som en multiplikator f\u00f6r upps\u00f6kande verksamhet och p\u00e5verkan.<\/li><li style=\"text-align: justify;\">Insikt i hur dessa aspekter kan involveras i beslutsprocesser i f\u00f6reningar, sociala f\u00f6retag, f\u00f6retag, forskning, beslutsfattare, intressegrupper f\u00f6r att m\u00f6jligg\u00f6ra verkligt v\u00e4lgrundade val och f\u00f6r att koppla den vetenskapliga och invandrarnas egenmakt inom och genom idrott till samh\u00e4lleliga m\u00e5l.<\/li><li style=\"text-align: justify;\">Utforskning av framtida trender inom samh\u00e4lle och idrott. Konferensen kommer att avslutas med en deltagande session, d\u00e4r arrang\u00f6rerna kommer att engagera publiken av m\u00e5lgrupper och intressenter i en debatt om potentiella partnerskap och system f\u00f6r europeisk uppf\u00f6ljning - f\u00f6r att vidareutveckla projektet och f\u00f6rb\u00e4ttra dess h\u00e5llbarhet i ett l\u00e5ngsiktigt perspektiv.<\/li><\/ul><\/div>\n\t\t\t\t<\/div>\n\t\t\t\t\t\t\t<div class=\"elementor-toggle-item\">\n\t\t\t\t\t<div id=\"elementor-tab-title-2122\" class=\"elementor-tab-title\" data-tab=\"2\" role=\"button\" aria-controls=\"elementor-tab-content-2122\" aria-expanded=\"false\">\n\t\t\t\t\t\t\t\t\t\t\t\t<span class=\"elementor-toggle-icon elementor-toggle-icon-left\" aria-hidden=\"true\">\n\t\t\t\t\t\t\t\t\t\t\t\t\t\t\t<span class=\"elementor-toggle-icon-closed\"><i class=\"fas fa-caret-right\"><\/i><\/span>\n\t\t\t\t\t\t\t\t<span class=\"elementor-toggle-icon-opened\"><i class=\"elementor-toggle-icon-opened fas fa-caret-up\"><\/i><\/span>\n\t\t\t\t\t\t\t\t\t\t\t\t\t<\/span>\n\t\t\t\t\t\t\t\t\t\t\t\t<a class=\"elementor-toggle-title\" tabindex=\"0\">Internationell r\u00e4ckvidd<\/a>\n\t\t\t\t\t<\/div>\n\n\t\t\t\t\t<div id=\"elementor-tab-content-2122\" class=\"elementor-tab-content elementor-clearfix\" data-tab=\"2\" role=\"region\" aria-labelledby=\"elementor-tab-title-2122\"><p style=\"text-align: justify;\">CMPES-konferensen kommer att behandla alla dessa fr\u00e5gor ur ett internationellt perspektiv. D\u00e4rf\u00f6r kommer konferensen att vara p\u00e5 en europeisk niv\u00e5 och p\u00e5 engelska. D\u00e4r det \u00e4r relevant kommer exempel att anv\u00e4ndas fr\u00e5n b\u00e5de lokala sardiska och internationella erfarenheter, med s\u00e4rskild h\u00e4nvisning till specifika aspekter av migration och karri\u00e4r, s\u00e5som befolkningst\u00e4thet, \u00f6ppna gr\u00e4nser och ett m\u00e5ngkulturellt samh\u00e4lle.<\/p><\/div>\n\t\t\t\t<\/div>\n\t\t\t\t\t\t\t<div class=\"elementor-toggle-item\">\n\t\t\t\t\t<div id=\"elementor-tab-title-2123\" class=\"elementor-tab-title\" data-tab=\"3\" role=\"button\" aria-controls=\"elementor-tab-content-2123\" aria-expanded=\"false\">\n\t\t\t\t\t\t\t\t\t\t\t\t<span class=\"elementor-toggle-icon elementor-toggle-icon-left\" aria-hidden=\"true\">\n\t\t\t\t\t\t\t\t\t\t\t\t\t\t\t<span class=\"elementor-toggle-icon-closed\"><i class=\"fas fa-caret-right\"><\/i><\/span>\n\t\t\t\t\t\t\t\t<span class=\"elementor-toggle-icon-opened\"><i class=\"elementor-toggle-icon-opened fas fa-caret-up\"><\/i><\/span>\n\t\t\t\t\t\t\t\t\t\t\t\t\t<\/span>\n\t\t\t\t\t\t\t\t\t\t\t\t<a class=\"elementor-toggle-title\" tabindex=\"0\">Vem kommer att delta?<\/a>\n\t\t\t\t\t<\/div>\n\n\t\t\t\t\t<div id=\"elementor-tab-content-2123\" class=\"elementor-tab-content elementor-clearfix\" data-tab=\"3\" role=\"region\" aria-labelledby=\"elementor-tab-title-2123\"><p style=\"text-align: justify;\">Denna heldagskonferens \u00e4r avsedd f\u00f6r alla som k\u00e4nner att de har ett intresse i \"Empowerment through Sport\" Detta inneb\u00e4r att samla f\u00f6retr\u00e4dare p\u00e5 en verklig tv\u00e4rvetenskaplig niv\u00e5 - fr\u00e5n anv\u00e4ndargrupper, utvecklare, beslutsfattare, forskare - yrkesverksamma fr\u00e5n idrottsf\u00f6reningar, frivilligorganisationer, utbildningsinstitutioner, universitet, offentliga myndigheter, sociala f\u00f6retag - etc. (italienska och europeiska). Under kaffe- och lunchpauserna f\u00e5r deltagarna m\u00f6jlighet att diskutera konferens\u00e4mnen och f\u00f6rnya sina n\u00e4tverk med f\u00f6retr\u00e4dare f\u00f6r forskning, anv\u00e4ndargrupper och intressenter.<\/p><\/div>\n\t\t\t\t<\/div>\n\t\t\t\t\t\t\t\t<\/div>\n\t\t\t\t\t\t<\/div>\n\t\t\t\t<\/div>\n\t\t\t\t\t<\/div>\n\t\t<\/div>\n\t\t\t\t\t<\/div>\n\t\t<\/section>\n\t\t\t\t<section class=\"elementor-section elementor-top-section elementor-element elementor-element-14341a1 elementor-section-boxed elementor-section-height-default elementor-section-height-default\" data-id=\"14341a1\" data-element_type=\"section\" data-e-type=\"section\">\n\t\t\t\t\t\t<div class=\"elementor-container elementor-column-gap-default\">\n\t\t\t\t\t<div class=\"elementor-column elementor-col-100 elementor-top-column elementor-element elementor-element-390e611\" data-id=\"390e611\" data-element_type=\"column\" data-e-type=\"column\">\n\t\t\t<div class=\"elementor-widget-wrap\">\n\t\t\t\t\t\t\t<\/div>\n\t\t<\/div>\n\t\t\t\t\t<\/div>\n\t\t<\/section>\n\t\t\t\t<\/div>","protected":false},"excerpt":{"rendered":"<p>the CPMES project Curricular Pathways for Migrants\u2019 Empowerment through Sport (CPMES) is a project Co-funded by the European Education, Audiovisual [&hellip;]<\/p>\n","protected":false},"author":1,"featured_media":0,"parent":4581,"menu_order":0,"comment_status":"closed","ping_status":"closed","template":"","meta":{"inline_featured_image":false,"ocean_post_layout":"","ocean_both_sidebars_style":"","ocean_both_sidebars_content_width":0,"ocean_both_sidebars_sidebars_width":0,"ocean_sidebar":"0","ocean_second_sidebar":"0","ocean_disable_margins":"enable","ocean_add_body_class":"","ocean_shortcode_before_top_bar":"","ocean_shortcode_after_top_bar":"","ocean_shortcode_before_header":"","ocean_shortcode_after_header":"","ocean_has_shortcode":"","ocean_shortcode_after_title":"","ocean_shortcode_before_footer_widgets":"","ocean_shortcode_after_footer_widgets":"","ocean_shortcode_before_footer_bottom":"","ocean_shortcode_after_footer_bottom":"","ocean_display_top_bar":"default","ocean_display_header":"default","ocean_header_style":"","ocean_center_header_left_menu":"0","ocean_custom_header_template":"0","ocean_custom_logo":0,"ocean_custom_retina_logo":0,"ocean_custom_logo_max_width":0,"ocean_custom_logo_tablet_max_width":0,"ocean_custom_logo_mobile_max_width":0,"ocean_custom_logo_max_height":0,"ocean_custom_logo_tablet_max_height":0,"ocean_custom_logo_mobile_max_height":0,"ocean_header_custom_menu":"0","ocean_menu_typo_font_family":"0","ocean_menu_typo_font_subset":"","ocean_menu_typo_font_size":0,"ocean_menu_typo_font_size_tablet":0,"ocean_menu_typo_font_size_mobile":0,"ocean_menu_typo_font_size_unit":"px","ocean_menu_typo_font_weight":"","ocean_menu_typo_font_weight_tablet":"","ocean_menu_typo_font_weight_mobile":"","ocean_menu_typo_transform":"","ocean_menu_typo_transform_tablet":"","ocean_menu_typo_transform_mobile":"","ocean_menu_typo_line_height":0,"ocean_menu_typo_line_height_tablet":0,"ocean_menu_typo_line_height_mobile":0,"ocean_menu_typo_line_height_unit":"","ocean_menu_typo_spacing":0,"ocean_menu_typo_spacing_tablet":0,"ocean_menu_typo_spacing_mobile":0,"ocean_menu_typo_spacing_unit":"","ocean_menu_link_color":"","ocean_menu_link_color_hover":"","ocean_menu_link_color_active":"","ocean_menu_link_background":"","ocean_menu_link_hover_background":"","ocean_menu_link_active_background":"","ocean_menu_social_links_bg":"","ocean_menu_social_hover_links_bg":"","ocean_menu_social_links_color":"","ocean_menu_social_hover_links_color":"","ocean_disable_title":"default","ocean_disable_heading":"default","ocean_post_title":"","ocean_post_subheading":"","ocean_post_title_style":"","ocean_post_title_background_color":"","ocean_post_title_background":0,"ocean_post_title_bg_image_position":"","ocean_post_title_bg_image_attachment":"","ocean_post_title_bg_image_repeat":"","ocean_post_title_bg_image_size":"","ocean_post_title_height":0,"ocean_post_title_bg_overlay":0.5,"ocean_post_title_bg_overlay_color":"","ocean_disable_breadcrumbs":"default","ocean_breadcrumbs_color":"","ocean_breadcrumbs_separator_color":"","ocean_breadcrumbs_links_color":"","ocean_breadcrumbs_links_hover_color":"","ocean_display_footer_widgets":"default","ocean_display_footer_bottom":"default","ocean_custom_footer_template":"0","footnotes":""},"categories":[],"tags":[],"class_list":["post-5463","page","type-page","status-publish","hentry","entry"],"_links":{"self":[{"href":"https:\/\/mvngosportbranch.org\/sv\/wp-json\/wp\/v2\/pages\/5463","targetHints":{"allow":["GET"]}}],"collection":[{"href":"https:\/\/mvngosportbranch.org\/sv\/wp-json\/wp\/v2\/pages"}],"about":[{"href":"https:\/\/mvngosportbranch.org\/sv\/wp-json\/wp\/v2\/types\/page"}],"author":[{"embeddable":true,"href":"https:\/\/mvngosportbranch.org\/sv\/wp-json\/wp\/v2\/users\/1"}],"replies":[{"embeddable":true,"href":"https:\/\/mvngosportbranch.org\/sv\/wp-json\/wp\/v2\/comments?post=5463"}],"version-history":[{"count":0,"href":"https:\/\/mvngosportbranch.org\/sv\/wp-json\/wp\/v2\/pages\/5463\/revisions"}],"up":[{"embeddable":true,"href":"https:\/\/mvngosportbranch.org\/sv\/wp-json\/wp\/v2\/pages\/4581"}],"wp:attachment":[{"href":"https:\/\/mvngosportbranch.org\/sv\/wp-json\/wp\/v2\/media?parent=5463"}],"wp:term":[{"taxonomy":"category","embeddable":true,"href":"https:\/\/mvngosportbranch.org\/sv\/wp-json\/wp\/v2\/categories?post=5463"},{"taxonomy":"post_tag","embeddable":true,"href":"https:\/\/mvngosportbranch.org\/sv\/wp-json\/wp\/v2\/tags?post=5463"}],"curies":[{"name":"wp","href":"https:\/\/api.w.org\/{rel}","templated":true}]}}